{"id":90,"date":"2023-04-23T09:53:44","date_gmt":"2023-04-23T07:53:44","guid":{"rendered":"https:\/\/eve95ermont.com\/?page_id=90"},"modified":"2024-07-03T22:02:43","modified_gmt":"2024-07-03T20:02:43","slug":"ville-banburry-royaume-uni","status":"publish","type":"page","link":"https:\/\/eve95ermont.com\/index.php\/ville-banburry-royaume-uni\/","title":{"rendered":"Banbury (Royaume-Uni)"},"content":{"rendered":"\n<hr class=\"wp-block-separator has-text-color has-alpha-channel-opacity has-background\" style=\"background-color:#3d4773;color:#3d4773\"\/>\n\n\n<div class=\"wp-block-image\">\n<figure class=\"aligncenter size-large\"><img loading=\"lazy\" decoding=\"async\" width=\"1024\" height=\"536\" src=\"https:\/\/eve95ermont.com\/wp-content\/uploads\/2023\/04\/header-banburry-1024x536.png\" alt=\"\" class=\"wp-image-273\" srcset=\"https:\/\/eve95ermont.com\/wp-content\/uploads\/2023\/04\/header-banburry-1024x536.png 1024w, https:\/\/eve95ermont.com\/wp-content\/uploads\/2023\/04\/header-banburry-300x157.png 300w, https:\/\/eve95ermont.com\/wp-content\/uploads\/2023\/04\/header-banburry-768x402.png 768w, https:\/\/eve95ermont.com\/wp-content\/uploads\/2023\/04\/header-banburry.png 1500w\" sizes=\"auto, (max-width: 1024px) 100vw, 1024px\" \/><\/figure>\n<\/div>\n\n\n<hr class=\"wp-block-separator has-text-color has-alpha-channel-opacity has-background\" style=\"background-color:#3d4773;color:#3d4773\"\/>\n\n\n\n<p><strong>1982 &nbsp;: Signature de Jumelage entre l\u2019Association Ermont Ville d\u2019Europe et Banbury Twinning Association en Angleterre <\/strong><\/p>\n\n\n\n<p><strong>1991&nbsp; : d\u00e9claration d\u2019amiti\u00e9 entre le Cherwell District Council avec la ville d\u2019Ermont<\/strong><\/p>\n\n\n\n<p>Banbury en Angleterre : 54 340 habitants environ<\/p>\n\n\n\n<p>Banbury est un bourg historique sur la rivi\u00e8re Cherwell dans l&rsquo;Oxfordshire, au sud-est de l&rsquo;Angleterre. <\/p>\n\n\n\n<p>Banbury a une \u00e9conomie diversifi\u00e9e et florissante avec des industries de haute technologie de moteurs de course et abrite la plus grande usine de traitement de caf\u00e9 au monde (Jacobs Douwe Egberts), construite en 1964. La ville est c\u00e9l\u00e8bre pour les g\u00e2teaux Banbury, un plat de p\u00e2tisserie \u00e9pic\u00e9e.<\/p>\n\n\n\n<p>Banbury est situ\u00e9 \u00e0 103 km au nord-ouest de Londres et 35 km au nord-ouest d&rsquo;Oxford. <\/p>\n\n\n\n<p>Plus d&rsquo;informations sur <a href=\"https:\/\/oxfordcity.co.uk\/\" target=\"_blank\" rel=\"noreferrer noopener\">Banbury<\/a><\/p>\n\n\n\n<hr class=\"wp-block-separator has-text-color has-alpha-channel-opacity has-background\" style=\"background-color:#3d4773;color:#3d4773\"\/>\n\n\n\n<h2 class=\"wp-block-heading has-text-align-center\">Articles<\/h2>\n\n\n            <div id=\"post-grid-lazy-1159\" class=\"post-grid-lazy\"><img decoding=\"async\" alt=\"\" src=\"\" \/><\/div>\n        <script>\n            jQuery('#post-grid-lazy-1159').ready(function($) {\n                $('#post-grid-lazy-1159').fadeOut();\n                $('#post-grid-1159   ').fadeIn();\n            })\n        <\/script>\n        <style type=\"text\/css\">\n            #post-grid-1159 {\n                display: none;\n            }\n\n            .post-grid-lazy {\n                text-align: center;\n            }\n        <\/style>\n        <div data-options='{&quot;id&quot;:&quot;1159&quot;,&quot;lazy_load&quot;:&quot;yes&quot;,&quot;masonry_enable&quot;:&quot;no&quot;,&quot;view_type&quot;:&quot;grid&quot;}' id=\"post-grid-1159\" class=\"post-grid grid\">\n                <div class=\"grid-items\">\n            <div class=\"item item-1455 skin flat even 0 \">\n                <div class=\"layer-wrapper layout-127\">\n                <a class=\" element_1682835123535\" id=\"\" href=\"https:\/\/eve95ermont.com\/index.php\/2025\/11\/29\/sejour-a-banbury\/\">\n\n\n        <div class=\"element element_1682834639594  thumb_link \">\n                    <img decoding=\"async\" src=\"https:\/\/eve95ermont.com\/wp-content\/uploads\/2025\/11\/IMG-20251107-WA0001-1024x768.jpg\">\n        \n\n    <\/div>\n    <div class=\"element element_1682244529733  title \">\n                    <a target=\"_blank\" href=\"https:\/\/eve95ermont.com\/index.php\/2025\/11\/29\/sejour-a-banbury\/\">S\u00e9jour \u00e0 Banbury<\/a>\n\n        \n\n    <\/div>\n    <hr class=\"element element_1682832568808  hr \">\n    <\/hr>\n    <div class=\"element element_1689186392009  excerpt \">\n        Du 2 au 6 octobre 2025, trois membres de notre association se sont rendus \u00e0 Banbury...            <\/div>\n    <\/a>\n        <\/div>\n    <\/div><div class=\"item item-972 skin flat odd 1 \">\n                <div class=\"layer-wrapper layout-127\">\n                <a class=\" element_1682835123535\" id=\"\" href=\"https:\/\/eve95ermont.com\/index.php\/2023\/12\/05\/une-delegation-ermont-ville-deurope-a-banbury\/\">\n\n\n        <div class=\"element element_1682834639594  thumb_link \">\n                    <img decoding=\"async\" src=\"https:\/\/eve95ermont.com\/wp-content\/uploads\/2023\/12\/WhatsApp-Image-2023-11-11-a-15.44.27_e7956b79-1024x768.jpg\">\n        \n\n    <\/div>\n    <div class=\"element element_1682244529733  title \">\n                    <a target=\"_blank\" href=\"https:\/\/eve95ermont.com\/index.php\/2023\/12\/05\/une-delegation-ermont-ville-deurope-a-banbury\/\">Une d\u00e9l\u00e9gation Ermont Ville d'Europe \u00e0 Banbury<\/a>\n\n        \n\n    <\/div>\n    <hr class=\"element element_1682832568808  hr \">\n    <\/hr>\n    <div class=\"element element_1689186392009  excerpt \">\n        Du 27 au 29 octobre 2023, Fran\u00e7oise Ducoulombier et Christine Fernandes se sont rendues \u00e0 Banbury sous l\u2019\u00e9gide d\u2019Ariane Belard, pr\u00e9sidente d\u2019EVE, pour un temps de r\u00e9flexion sur le jumelage\u2026            <\/div>\n    <\/a>\n        <\/div>\n    <\/div>        <\/div>\n        <div class=\"pagination\">\n            <div class=\"paginate\">\n            <\/div>\n    <style type=\"text\/css\">\n        #post-grid-1159 .pagination .page-numbers {\n            font-size: 16px;\n            color: #fff;\n            background: #646464;\n        }\n\n        #post-grid-1159 .pagination .page-numbers:hover,\n        #post-grid-1159 .pagination .page-numbers.current {\n            background: #4b4b4b;\n        }\n    <\/style>\n    <\/div>\n    <style type=\"text\/css\">\n        .layout-127 .element_1682834639594 {\n            overflow: hidden;\n                    }\n\n        .layout-127 .element_1682834639594 img {\n            max-width: 100%;\n            height: auto;\n        }\n\n        @media only screen and (min-width: 1024px) {\n            .layout-127 .element_1682834639594 {\n                            }\n        }\n\n        @media only screen and (min-width: 768px) and (max-width: 1023px) {\n            .layout-127 .element_1682834639594 {\n                            }\n        }\n\n        @media only screen and (min-width: 0px) and (max-width: 767px) {\n            .layout-127 .element_1682834639594 {\n                            }\n        }\n    <\/style>\n    <style type=\"text\/css\">\n        .layout-127 .element_1682244529733 {\n            color: #1e73be;\n            text-align: left;\n            font-weight:bold;\r\ntext-decoration: none;        }\n\n        .layout-127 .element_1682244529733 a {\n            color: #1e73be;\n            text-align: left;\n            font-weight:bold;\r\ntext-decoration: none;        }\n    <\/style>\n    <style type=\"text\/css\">\n        .layout-127 .element_1682832568808 {\n                    }\n\n            <\/style>\n    <style type=\"text\/css\">\n        .layout-127 .element_1689186392009 {\n            text-align: left;\n                    }\n\n        .layout-127 .element_1689186392009 a {\n                    }\n    <\/style>\n    \n\n        <script>\n        \n            <\/script>\n        <style type=\"text\/css\">\n        #post-grid-1159 {\n                    }\n\n        #post-grid-1159 .item {\n            \/*             margin:;\n         *\/\n            padding: 0px;\n            background: #fff;\n                    }\n\n        #post-grid-1159 .item .layer-media {\n            height:auto;        }\n\n        @media only screen and (min-width: 0px) and (max-width: 767px) {\n            #post-grid-1159 .grid-items {\n                display: grid;\n                grid-template-columns: 1fr ;\n                column-gap: 10px;\n                row-gap: 10px;\n                ;\n\n            }\n\n            #post-grid-1159 .item {\n                height:auto;            }\n        }\n\n        @media only screen and (min-width: 768px) and (max-width: 1023px) {\n            #post-grid-1159 .grid-items {\n                display: grid;\n                grid-template-columns: 1fr 1fr ;\n                column-gap: 10px;\n                row-gap: 10px             }\n\n            #post-grid-1159 .item {\n                max-height:auto;            }\n        }\n\n        @media only screen and (min-width: 1024px) {\n            #post-grid-1159 .grid-items {\n                display: grid;\n                grid-template-columns: 1fr 1fr 1fr ;\n                column-gap: 10px;\n                row-gap: 10px;\n                            }\n\n            #post-grid-1159 .item {\n                height:auto;            }\n        }\n\n            <\/style>\n    <\/div>\n\n","protected":false},"excerpt":{"rendered":"<p>1982 &nbsp;: Signature de Jumelage entre l\u2019Association Ermont Ville d\u2019Europe et Banbury Twinning Association en Angleterre 1991&nbsp; : d\u00e9claration d\u2019amiti\u00e9 entre le Cherwell District Council avec la ville d\u2019Ermont Banbury en Angleterre : 54 340 habitants environ Banbury est un bourg historique sur la rivi\u00e8re Cherwell dans l&rsquo;Oxfordshire, au sud-est de l&rsquo;Angleterre. Banbury a une [&hellip;]<\/p>\n","protected":false},"author":2,"featured_media":252,"parent":0,"menu_order":0,"comment_status":"closed","ping_status":"closed","template":"","meta":{"footnotes":""},"categories":[3],"tags":[14],"class_list":["post-90","page","type-page","status-publish","has-post-thumbnail","hentry","category-city","tag-royaume-uni"],"yoast_head":"<!-- This site is optimized with the Yoast SEO plugin v27.4 - https:\/\/yoast.com\/product\/yoast-seo-wordpress\/ -->\n<title>Banbury (Royaume-Uni) - Ermont Ville d&#039;Europe<\/title>\n<meta name=\"description\" content=\"Banbury est une ville amie d&#039;Ermont depuis 1982. Banbury est un bourg historique situ\u00e9 dans l&#039;Oxfordshire, au sud-est de l&#039;Angleterre\" \/>\n<meta name=\"robots\" content=\"index, follow, max-snippet:-1, max-image-preview:large, max-video-preview:-1\" \/>\n<link rel=\"canonical\" href=\"https:\/\/eve95ermont.com\/index.php\/ville-banburry-royaume-uni\/\" \/>\n<meta property=\"og:locale\" content=\"fr_FR\" \/>\n<meta property=\"og:type\" content=\"article\" \/>\n<meta property=\"og:title\" content=\"Banbury (Royaume-Uni) - Ermont Ville d&#039;Europe\" \/>\n<meta property=\"og:description\" content=\"Banbury est une ville amie d&#039;Ermont depuis 1982. Banbury est un bourg historique situ\u00e9 dans l&#039;Oxfordshire, au sud-est de l&#039;Angleterre\" \/>\n<meta property=\"og:url\" content=\"https:\/\/eve95ermont.com\/index.php\/ville-banburry-royaume-uni\/\" \/>\n<meta property=\"og:site_name\" content=\"Ermont Ville d&#039;Europe\" \/>\n<meta property=\"article:modified_time\" content=\"2024-07-03T20:02:43+00:00\" \/>\n<meta property=\"og:image\" content=\"https:\/\/eve95ermont.com\/wp-content\/uploads\/2023\/04\/banburry.png\" \/>\n\t<meta property=\"og:image:width\" content=\"397\" \/>\n\t<meta property=\"og:image:height\" content=\"347\" \/>\n\t<meta property=\"og:image:type\" content=\"image\/png\" \/>\n<meta name=\"twitter:card\" content=\"summary_large_image\" \/>\n<meta name=\"twitter:label1\" content=\"Dur\u00e9e de lecture estim\u00e9e\" \/>\n\t<meta name=\"twitter:data1\" content=\"2 minutes\" \/>\n<script type=\"application\/ld+json\" class=\"yoast-schema-graph\">{\"@context\":\"https:\\\/\\\/schema.org\",\"@graph\":[{\"@type\":\"WebPage\",\"@id\":\"https:\\\/\\\/eve95ermont.com\\\/index.php\\\/ville-banburry-royaume-uni\\\/\",\"url\":\"https:\\\/\\\/eve95ermont.com\\\/index.php\\\/ville-banburry-royaume-uni\\\/\",\"name\":\"Banbury (Royaume-Uni) - Ermont Ville d&#039;Europe\",\"isPartOf\":{\"@id\":\"https:\\\/\\\/eve95ermont.com\\\/#website\"},\"primaryImageOfPage\":{\"@id\":\"https:\\\/\\\/eve95ermont.com\\\/index.php\\\/ville-banburry-royaume-uni\\\/#primaryimage\"},\"image\":{\"@id\":\"https:\\\/\\\/eve95ermont.com\\\/index.php\\\/ville-banburry-royaume-uni\\\/#primaryimage\"},\"thumbnailUrl\":\"https:\\\/\\\/eve95ermont.com\\\/wp-content\\\/uploads\\\/2023\\\/04\\\/banburry.png\",\"datePublished\":\"2023-04-23T07:53:44+00:00\",\"dateModified\":\"2024-07-03T20:02:43+00:00\",\"description\":\"Banbury est une ville amie d'Ermont depuis 1982. Banbury est un bourg historique situ\u00e9 dans l'Oxfordshire, au sud-est de l'Angleterre\",\"breadcrumb\":{\"@id\":\"https:\\\/\\\/eve95ermont.com\\\/index.php\\\/ville-banburry-royaume-uni\\\/#breadcrumb\"},\"inLanguage\":\"fr-FR\",\"potentialAction\":[{\"@type\":\"ReadAction\",\"target\":[\"https:\\\/\\\/eve95ermont.com\\\/index.php\\\/ville-banburry-royaume-uni\\\/\"]}]},{\"@type\":\"ImageObject\",\"inLanguage\":\"fr-FR\",\"@id\":\"https:\\\/\\\/eve95ermont.com\\\/index.php\\\/ville-banburry-royaume-uni\\\/#primaryimage\",\"url\":\"https:\\\/\\\/eve95ermont.com\\\/wp-content\\\/uploads\\\/2023\\\/04\\\/banburry.png\",\"contentUrl\":\"https:\\\/\\\/eve95ermont.com\\\/wp-content\\\/uploads\\\/2023\\\/04\\\/banburry.png\",\"width\":397,\"height\":347},{\"@type\":\"BreadcrumbList\",\"@id\":\"https:\\\/\\\/eve95ermont.com\\\/index.php\\\/ville-banburry-royaume-uni\\\/#breadcrumb\",\"itemListElement\":[{\"@type\":\"ListItem\",\"position\":1,\"name\":\"Accueil\",\"item\":\"https:\\\/\\\/eve95ermont.com\\\/\"},{\"@type\":\"ListItem\",\"position\":2,\"name\":\"Banbury (Royaume-Uni)\"}]},{\"@type\":\"WebSite\",\"@id\":\"https:\\\/\\\/eve95ermont.com\\\/#website\",\"url\":\"https:\\\/\\\/eve95ermont.com\\\/\",\"name\":\"Ermont Ville d&#039;Europe\",\"description\":\"L&#039;association de jumelage d&#039;Ermont\",\"publisher\":{\"@id\":\"https:\\\/\\\/eve95ermont.com\\\/#organization\"},\"potentialAction\":[{\"@type\":\"SearchAction\",\"target\":{\"@type\":\"EntryPoint\",\"urlTemplate\":\"https:\\\/\\\/eve95ermont.com\\\/?s={search_term_string}\"},\"query-input\":{\"@type\":\"PropertyValueSpecification\",\"valueRequired\":true,\"valueName\":\"search_term_string\"}}],\"inLanguage\":\"fr-FR\"},{\"@type\":\"Organization\",\"@id\":\"https:\\\/\\\/eve95ermont.com\\\/#organization\",\"name\":\"Ermont Ville d&#039;Europe\",\"url\":\"https:\\\/\\\/eve95ermont.com\\\/\",\"logo\":{\"@type\":\"ImageObject\",\"inLanguage\":\"fr-FR\",\"@id\":\"https:\\\/\\\/eve95ermont.com\\\/#\\\/schema\\\/logo\\\/image\\\/\",\"url\":\"https:\\\/\\\/eve95ermont.com\\\/wp-content\\\/uploads\\\/2023\\\/06\\\/cropped-logo-eve-proposition-gris-clair-contour-noir-v2.png\",\"contentUrl\":\"https:\\\/\\\/eve95ermont.com\\\/wp-content\\\/uploads\\\/2023\\\/06\\\/cropped-logo-eve-proposition-gris-clair-contour-noir-v2.png\",\"width\":1157,\"height\":709,\"caption\":\"Ermont Ville d&#039;Europe\"},\"image\":{\"@id\":\"https:\\\/\\\/eve95ermont.com\\\/#\\\/schema\\\/logo\\\/image\\\/\"}}]}<\/script>\n<!-- \/ Yoast SEO plugin. -->","yoast_head_json":{"title":"Banbury (Royaume-Uni) - Ermont Ville d&#039;Europe","description":"Banbury est une ville amie d'Ermont depuis 1982. Banbury est un bourg historique situ\u00e9 dans l'Oxfordshire, au sud-est de l'Angleterre","robots":{"index":"index","follow":"follow","max-snippet":"max-snippet:-1","max-image-preview":"max-image-preview:large","max-video-preview":"max-video-preview:-1"},"canonical":"https:\/\/eve95ermont.com\/index.php\/ville-banburry-royaume-uni\/","og_locale":"fr_FR","og_type":"article","og_title":"Banbury (Royaume-Uni) - Ermont Ville d&#039;Europe","og_description":"Banbury est une ville amie d'Ermont depuis 1982. Banbury est un bourg historique situ\u00e9 dans l'Oxfordshire, au sud-est de l'Angleterre","og_url":"https:\/\/eve95ermont.com\/index.php\/ville-banburry-royaume-uni\/","og_site_name":"Ermont Ville d&#039;Europe","article_modified_time":"2024-07-03T20:02:43+00:00","og_image":[{"width":397,"height":347,"url":"https:\/\/eve95ermont.com\/wp-content\/uploads\/2023\/04\/banburry.png","type":"image\/png"}],"twitter_card":"summary_large_image","twitter_misc":{"Dur\u00e9e de lecture estim\u00e9e":"2 minutes"},"schema":{"@context":"https:\/\/schema.org","@graph":[{"@type":"WebPage","@id":"https:\/\/eve95ermont.com\/index.php\/ville-banburry-royaume-uni\/","url":"https:\/\/eve95ermont.com\/index.php\/ville-banburry-royaume-uni\/","name":"Banbury (Royaume-Uni) - Ermont Ville d&#039;Europe","isPartOf":{"@id":"https:\/\/eve95ermont.com\/#website"},"primaryImageOfPage":{"@id":"https:\/\/eve95ermont.com\/index.php\/ville-banburry-royaume-uni\/#primaryimage"},"image":{"@id":"https:\/\/eve95ermont.com\/index.php\/ville-banburry-royaume-uni\/#primaryimage"},"thumbnailUrl":"https:\/\/eve95ermont.com\/wp-content\/uploads\/2023\/04\/banburry.png","datePublished":"2023-04-23T07:53:44+00:00","dateModified":"2024-07-03T20:02:43+00:00","description":"Banbury est une ville amie d'Ermont depuis 1982. Banbury est un bourg historique situ\u00e9 dans l'Oxfordshire, au sud-est de l'Angleterre","breadcrumb":{"@id":"https:\/\/eve95ermont.com\/index.php\/ville-banburry-royaume-uni\/#breadcrumb"},"inLanguage":"fr-FR","potentialAction":[{"@type":"ReadAction","target":["https:\/\/eve95ermont.com\/index.php\/ville-banburry-royaume-uni\/"]}]},{"@type":"ImageObject","inLanguage":"fr-FR","@id":"https:\/\/eve95ermont.com\/index.php\/ville-banburry-royaume-uni\/#primaryimage","url":"https:\/\/eve95ermont.com\/wp-content\/uploads\/2023\/04\/banburry.png","contentUrl":"https:\/\/eve95ermont.com\/wp-content\/uploads\/2023\/04\/banburry.png","width":397,"height":347},{"@type":"BreadcrumbList","@id":"https:\/\/eve95ermont.com\/index.php\/ville-banburry-royaume-uni\/#breadcrumb","itemListElement":[{"@type":"ListItem","position":1,"name":"Accueil","item":"https:\/\/eve95ermont.com\/"},{"@type":"ListItem","position":2,"name":"Banbury (Royaume-Uni)"}]},{"@type":"WebSite","@id":"https:\/\/eve95ermont.com\/#website","url":"https:\/\/eve95ermont.com\/","name":"Ermont Ville d&#039;Europe","description":"L&#039;association de jumelage d&#039;Ermont","publisher":{"@id":"https:\/\/eve95ermont.com\/#organization"},"potentialAction":[{"@type":"SearchAction","target":{"@type":"EntryPoint","urlTemplate":"https:\/\/eve95ermont.com\/?s={search_term_string}"},"query-input":{"@type":"PropertyValueSpecification","valueRequired":true,"valueName":"search_term_string"}}],"inLanguage":"fr-FR"},{"@type":"Organization","@id":"https:\/\/eve95ermont.com\/#organization","name":"Ermont Ville d&#039;Europe","url":"https:\/\/eve95ermont.com\/","logo":{"@type":"ImageObject","inLanguage":"fr-FR","@id":"https:\/\/eve95ermont.com\/#\/schema\/logo\/image\/","url":"https:\/\/eve95ermont.com\/wp-content\/uploads\/2023\/06\/cropped-logo-eve-proposition-gris-clair-contour-noir-v2.png","contentUrl":"https:\/\/eve95ermont.com\/wp-content\/uploads\/2023\/06\/cropped-logo-eve-proposition-gris-clair-contour-noir-v2.png","width":1157,"height":709,"caption":"Ermont Ville d&#039;Europe"},"image":{"@id":"https:\/\/eve95ermont.com\/#\/schema\/logo\/image\/"}}]}},"_links":{"self":[{"href":"https:\/\/eve95ermont.com\/index.php\/wp-json\/wp\/v2\/pages\/90","targetHints":{"allow":["GET"]}}],"collection":[{"href":"https:\/\/eve95ermont.com\/index.php\/wp-json\/wp\/v2\/pages"}],"about":[{"href":"https:\/\/eve95ermont.com\/index.php\/wp-json\/wp\/v2\/types\/page"}],"author":[{"embeddable":true,"href":"https:\/\/eve95ermont.com\/index.php\/wp-json\/wp\/v2\/users\/2"}],"replies":[{"embeddable":true,"href":"https:\/\/eve95ermont.com\/index.php\/wp-json\/wp\/v2\/comments?post=90"}],"version-history":[{"count":9,"href":"https:\/\/eve95ermont.com\/index.php\/wp-json\/wp\/v2\/pages\/90\/revisions"}],"predecessor-version":[{"id":1164,"href":"https:\/\/eve95ermont.com\/index.php\/wp-json\/wp\/v2\/pages\/90\/revisions\/1164"}],"wp:featuredmedia":[{"embeddable":true,"href":"https:\/\/eve95ermont.com\/index.php\/wp-json\/wp\/v2\/media\/252"}],"wp:attachment":[{"href":"https:\/\/eve95ermont.com\/index.php\/wp-json\/wp\/v2\/media?parent=90"}],"wp:term":[{"taxonomy":"category","embeddable":true,"href":"https:\/\/eve95ermont.com\/index.php\/wp-json\/wp\/v2\/categories?post=90"},{"taxonomy":"post_tag","embeddable":true,"href":"https:\/\/eve95ermont.com\/index.php\/wp-json\/wp\/v2\/tags?post=90"}],"curies":[{"name":"wp","href":"https:\/\/api.w.org\/{rel}","templated":true}]}}