{"id":84,"date":"2023-04-23T09:48:10","date_gmt":"2023-04-23T07:48:10","guid":{"rendered":"https:\/\/eve95ermont.com\/?page_id=84"},"modified":"2024-07-03T22:04:54","modified_gmt":"2024-07-03T20:04:54","slug":"ville-maldegem-belgique","status":"publish","type":"page","link":"https:\/\/eve95ermont.com\/index.php\/ville-maldegem-belgique\/","title":{"rendered":"Maldegem (Belgique)"},"content":{"rendered":"\n<hr class=\"wp-block-separator has-text-color has-alpha-channel-opacity has-background\" style=\"background-color:#3d4773;color:#3d4773\"\/>\n\n\n<div class=\"wp-block-image\">\n<figure class=\"aligncenter size-large\"><img loading=\"lazy\" decoding=\"async\" width=\"1024\" height=\"536\" src=\"https:\/\/eve95ermont.com\/wp-content\/uploads\/2023\/04\/header-maldegem-1024x536.png\" alt=\"\" class=\"wp-image-267\" srcset=\"https:\/\/eve95ermont.com\/wp-content\/uploads\/2023\/04\/header-maldegem-1024x536.png 1024w, https:\/\/eve95ermont.com\/wp-content\/uploads\/2023\/04\/header-maldegem-300x157.png 300w, https:\/\/eve95ermont.com\/wp-content\/uploads\/2023\/04\/header-maldegem-768x402.png 768w, https:\/\/eve95ermont.com\/wp-content\/uploads\/2023\/04\/header-maldegem.png 1500w\" sizes=\"auto, (max-width: 1024px) 100vw, 1024px\" \/><\/figure>\n<\/div>\n\n\n<hr class=\"wp-block-separator has-text-color has-alpha-channel-opacity has-background\" style=\"background-color:#3d4773;color:#3d4773\"\/>\n\n\n\n<p><strong>30 avril 1967&nbsp;: Ermont signe un jumelage avec la ville de Maldegem en Belgique Flamande<\/strong><strong><u><\/u><\/strong><\/p>\n\n\n\n<p>Maldegem : environ 25&nbsp;000 habitants<\/p>\n\n\n\n<p>Maldegem est une commune situ\u00e9e dans la province belge de Flandre orientale. La commune comprend les villages de Maldegem, Adegem et Middelburg.<\/p>\n\n\n\n<p>Dans le pays flamand, Maldegem demeure une vaste commune rurale tr\u00e8s active, tr\u00e8s commer\u00e7ante.<\/p>\n\n\n\n<p><\/p>\n\n\n\n<p>Le Stoomcentrum Maldegem est situ\u00e9 dans l&rsquo;ancienne gare NMBS de Maldegem.<\/p>\n\n\n\n<p>Plus d&rsquo;informations sur <a href=\"https:\/\/www.maldegem.be\/\" target=\"_blank\" rel=\"noreferrer noopener\">Maldegem<\/a><\/p>\n\n\n\n<hr class=\"wp-block-separator has-text-color has-alpha-channel-opacity has-background\" style=\"background-color:#3d4773;color:#3d4773\"\/>\n\n\n\n<h2 class=\"wp-block-heading has-text-align-center\">Articles<\/h2>\n\n\n            <div id=\"post-grid-lazy-1149\" class=\"post-grid-lazy\"><img decoding=\"async\" alt=\"\" src=\"\" \/><\/div>\n        <script>\n            jQuery('#post-grid-lazy-1149').ready(function($) {\n                $('#post-grid-lazy-1149').fadeOut();\n                $('#post-grid-1149   ').fadeIn();\n            })\n        <\/script>\n        <style type=\"text\/css\">\n            #post-grid-1149 {\n                display: none;\n            }\n\n            .post-grid-lazy {\n                text-align: center;\n            }\n        <\/style>\n        <div data-options='{&quot;id&quot;:&quot;1149&quot;,&quot;lazy_load&quot;:&quot;yes&quot;,&quot;masonry_enable&quot;:&quot;no&quot;,&quot;view_type&quot;:&quot;grid&quot;}' id=\"post-grid-1149\" class=\"post-grid grid\">\n                <div class=\"grid-items\">\n            <div class=\"item item-688 skin flat even 0 \">\n                <div class=\"layer-wrapper layout-127\">\n                <a class=\" element_1682835123535\" id=\"\" href=\"https:\/\/eve95ermont.com\/index.php\/2023\/08\/18\/elementor-688\/\">\n\n\n        <div class=\"element element_1682834639594  thumb_link \">\n                    <img decoding=\"async\" src=\"https:\/\/eve95ermont.com\/wp-content\/uploads\/2023\/08\/IMG-20230509-WA0073-1024x768.jpg\">\n        \n\n    <\/div>\n    <div class=\"element element_1682244529733  title \">\n                    <a target=\"_blank\" href=\"https:\/\/eve95ermont.com\/index.php\/2023\/08\/18\/elementor-688\/\">F\u00eate du jumelage \u00e0 Maldegem<\/a>\n\n        \n\n    <\/div>\n    <hr class=\"element element_1682832568808  hr \">\n    <\/hr>\n    <div class=\"element element_1689186392009  excerpt \">\n        Les 5, 6 et 7 mai 2023 a eu lieu la f\u00eate du jumelage \u00e0 Maldegem, en Belgique. Ce fut l\u2019occasion de rassembler des participants de plusieurs villes jumel\u00e9es avec Ermont : Adria (Italie), Lampertheim (Allemagne), Swidnica (Pologne). Evidemment, l\u2019association Ermont Ville d\u2019Europe \u00e9tait pr\u00e9sente en compagnie de quelques repr\u00e9sentants            <\/div>\n    <\/a>\n        <\/div>\n    <\/div>        <\/div>\n        <div class=\"pagination\">\n            <div class=\"paginate\">\n            <\/div>\n    <style type=\"text\/css\">\n        #post-grid-1149 .pagination .page-numbers {\n            font-size: 16px;\n            color: #fff;\n            background: #646464;\n        }\n\n        #post-grid-1149 .pagination .page-numbers:hover,\n        #post-grid-1149 .pagination .page-numbers.current {\n            background: #4b4b4b;\n        }\n    <\/style>\n    <\/div>\n    <style type=\"text\/css\">\n        .layout-127 .element_1682834639594 {\n            overflow: hidden;\n                    }\n\n        .layout-127 .element_1682834639594 img {\n            max-width: 100%;\n            height: auto;\n        }\n\n        @media only screen and (min-width: 1024px) {\n            .layout-127 .element_1682834639594 {\n                            }\n        }\n\n        @media only screen and (min-width: 768px) and (max-width: 1023px) {\n            .layout-127 .element_1682834639594 {\n                            }\n        }\n\n        @media only screen and (min-width: 0px) and (max-width: 767px) {\n            .layout-127 .element_1682834639594 {\n                            }\n        }\n    <\/style>\n    <style type=\"text\/css\">\n        .layout-127 .element_1682244529733 {\n            color: #1e73be;\n            text-align: left;\n            font-weight:bold;\r\ntext-decoration: none;        }\n\n        .layout-127 .element_1682244529733 a {\n            color: #1e73be;\n            text-align: left;\n            font-weight:bold;\r\ntext-decoration: none;        }\n    <\/style>\n    <style type=\"text\/css\">\n        .layout-127 .element_1682832568808 {\n                    }\n\n            <\/style>\n    <style type=\"text\/css\">\n        .layout-127 .element_1689186392009 {\n            text-align: left;\n                    }\n\n        .layout-127 .element_1689186392009 a {\n                    }\n    <\/style>\n    \n\n        <script>\n        \n            <\/script>\n        <style type=\"text\/css\">\n        #post-grid-1149 {\n                    }\n\n        #post-grid-1149 .item {\n            \/*             margin:;\n         *\/\n            padding: 0px;\n            background: #fff;\n                    }\n\n        #post-grid-1149 .item .layer-media {\n            height:auto;        }\n\n        @media only screen and (min-width: 0px) and (max-width: 767px) {\n            #post-grid-1149 .grid-items {\n                display: grid;\n                grid-template-columns: 1fr ;\n                column-gap: 10px;\n                row-gap: 10px;\n                ;\n\n            }\n\n            #post-grid-1149 .item {\n                height:auto;            }\n        }\n\n        @media only screen and (min-width: 768px) and (max-width: 1023px) {\n            #post-grid-1149 .grid-items {\n                display: grid;\n                grid-template-columns: 1fr 1fr ;\n                column-gap: 10px;\n                row-gap: 10px             }\n\n            #post-grid-1149 .item {\n                max-height:auto;            }\n        }\n\n        @media only screen and (min-width: 1024px) {\n            #post-grid-1149 .grid-items {\n                display: grid;\n                grid-template-columns: 1fr 1fr 1fr ;\n                column-gap: 10px;\n                row-gap: 10px;\n                            }\n\n            #post-grid-1149 .item {\n                height:auto;            }\n        }\n\n            <\/style>\n    <\/div>\n\n","protected":false},"excerpt":{"rendered":"<p>30 avril 1967&nbsp;: Ermont signe un jumelage avec la ville de Maldegem en Belgique Flamande Maldegem : environ 25&nbsp;000 habitants Maldegem est une commune situ\u00e9e dans la province belge de Flandre orientale. La commune comprend les villages de Maldegem, Adegem et Middelburg. Dans le pays flamand, Maldegem demeure une vaste commune rurale tr\u00e8s active, tr\u00e8s [&hellip;]<\/p>\n","protected":false},"author":2,"featured_media":256,"parent":0,"menu_order":0,"comment_status":"closed","ping_status":"closed","template":"","meta":{"footnotes":""},"categories":[3],"tags":[23],"class_list":["post-84","page","type-page","status-publish","has-post-thumbnail","hentry","category-city","tag-belgique"],"yoast_head":"<!-- This site is optimized with the Yoast SEO plugin v27.4 - https:\/\/yoast.com\/product\/yoast-seo-wordpress\/ -->\n<title>Maldegem (Belgique) - Ermont Ville d&#039;Europe<\/title>\n<meta name=\"robots\" content=\"index, follow, max-snippet:-1, max-image-preview:large, max-video-preview:-1\" \/>\n<link rel=\"canonical\" href=\"http:\/\/eve95ermont.com\/index.php\/ville-maldegem-belgique\/\" \/>\n<meta property=\"og:locale\" content=\"fr_FR\" \/>\n<meta property=\"og:type\" content=\"article\" \/>\n<meta property=\"og:title\" content=\"Maldegem (Belgique) - Ermont Ville d&#039;Europe\" \/>\n<meta property=\"og:description\" content=\"30 avril 1967&nbsp;: Ermont signe un jumelage avec la ville de Maldegem en Belgique Flamande Maldegem : environ 25&nbsp;000 habitants Maldegem est une commune situ\u00e9e dans la province belge de Flandre orientale. La commune comprend les villages de Maldegem, Adegem et Middelburg. Dans le pays flamand, Maldegem demeure une vaste commune rurale tr\u00e8s active, tr\u00e8s [&hellip;]\" \/>\n<meta property=\"og:url\" content=\"http:\/\/eve95ermont.com\/index.php\/ville-maldegem-belgique\/\" \/>\n<meta property=\"og:site_name\" content=\"Ermont Ville d&#039;Europe\" \/>\n<meta property=\"article:modified_time\" content=\"2024-07-03T20:04:54+00:00\" \/>\n<meta property=\"og:image\" content=\"http:\/\/eve95ermont.com\/wp-content\/uploads\/2023\/04\/maldegem.png\" \/>\n\t<meta property=\"og:image:width\" content=\"335\" \/>\n\t<meta property=\"og:image:height\" content=\"319\" \/>\n\t<meta property=\"og:image:type\" content=\"image\/png\" \/>\n<meta name=\"twitter:card\" content=\"summary_large_image\" \/>\n<meta name=\"twitter:label1\" content=\"Dur\u00e9e de lecture estim\u00e9e\" \/>\n\t<meta name=\"twitter:data1\" content=\"1 minute\" \/>\n<script type=\"application\/ld+json\" class=\"yoast-schema-graph\">{\"@context\":\"https:\\\/\\\/schema.org\",\"@graph\":[{\"@type\":\"WebPage\",\"@id\":\"http:\\\/\\\/eve95ermont.com\\\/index.php\\\/ville-maldegem-belgique\\\/\",\"url\":\"http:\\\/\\\/eve95ermont.com\\\/index.php\\\/ville-maldegem-belgique\\\/\",\"name\":\"Maldegem (Belgique) - Ermont Ville d&#039;Europe\",\"isPartOf\":{\"@id\":\"https:\\\/\\\/eve95ermont.com\\\/#website\"},\"primaryImageOfPage\":{\"@id\":\"http:\\\/\\\/eve95ermont.com\\\/index.php\\\/ville-maldegem-belgique\\\/#primaryimage\"},\"image\":{\"@id\":\"http:\\\/\\\/eve95ermont.com\\\/index.php\\\/ville-maldegem-belgique\\\/#primaryimage\"},\"thumbnailUrl\":\"https:\\\/\\\/eve95ermont.com\\\/wp-content\\\/uploads\\\/2023\\\/04\\\/maldegem.png\",\"datePublished\":\"2023-04-23T07:48:10+00:00\",\"dateModified\":\"2024-07-03T20:04:54+00:00\",\"breadcrumb\":{\"@id\":\"http:\\\/\\\/eve95ermont.com\\\/index.php\\\/ville-maldegem-belgique\\\/#breadcrumb\"},\"inLanguage\":\"fr-FR\",\"potentialAction\":[{\"@type\":\"ReadAction\",\"target\":[\"http:\\\/\\\/eve95ermont.com\\\/index.php\\\/ville-maldegem-belgique\\\/\"]}]},{\"@type\":\"ImageObject\",\"inLanguage\":\"fr-FR\",\"@id\":\"http:\\\/\\\/eve95ermont.com\\\/index.php\\\/ville-maldegem-belgique\\\/#primaryimage\",\"url\":\"https:\\\/\\\/eve95ermont.com\\\/wp-content\\\/uploads\\\/2023\\\/04\\\/maldegem.png\",\"contentUrl\":\"https:\\\/\\\/eve95ermont.com\\\/wp-content\\\/uploads\\\/2023\\\/04\\\/maldegem.png\",\"width\":335,\"height\":319},{\"@type\":\"BreadcrumbList\",\"@id\":\"http:\\\/\\\/eve95ermont.com\\\/index.php\\\/ville-maldegem-belgique\\\/#breadcrumb\",\"itemListElement\":[{\"@type\":\"ListItem\",\"position\":1,\"name\":\"Accueil\",\"item\":\"https:\\\/\\\/eve95ermont.com\\\/\"},{\"@type\":\"ListItem\",\"position\":2,\"name\":\"Maldegem (Belgique)\"}]},{\"@type\":\"WebSite\",\"@id\":\"https:\\\/\\\/eve95ermont.com\\\/#website\",\"url\":\"https:\\\/\\\/eve95ermont.com\\\/\",\"name\":\"Ermont Ville d&#039;Europe\",\"description\":\"L&#039;association de jumelage d&#039;Ermont\",\"publisher\":{\"@id\":\"https:\\\/\\\/eve95ermont.com\\\/#organization\"},\"potentialAction\":[{\"@type\":\"SearchAction\",\"target\":{\"@type\":\"EntryPoint\",\"urlTemplate\":\"https:\\\/\\\/eve95ermont.com\\\/?s={search_term_string}\"},\"query-input\":{\"@type\":\"PropertyValueSpecification\",\"valueRequired\":true,\"valueName\":\"search_term_string\"}}],\"inLanguage\":\"fr-FR\"},{\"@type\":\"Organization\",\"@id\":\"https:\\\/\\\/eve95ermont.com\\\/#organization\",\"name\":\"Ermont Ville d&#039;Europe\",\"url\":\"https:\\\/\\\/eve95ermont.com\\\/\",\"logo\":{\"@type\":\"ImageObject\",\"inLanguage\":\"fr-FR\",\"@id\":\"https:\\\/\\\/eve95ermont.com\\\/#\\\/schema\\\/logo\\\/image\\\/\",\"url\":\"https:\\\/\\\/eve95ermont.com\\\/wp-content\\\/uploads\\\/2023\\\/06\\\/cropped-logo-eve-proposition-gris-clair-contour-noir-v2.png\",\"contentUrl\":\"https:\\\/\\\/eve95ermont.com\\\/wp-content\\\/uploads\\\/2023\\\/06\\\/cropped-logo-eve-proposition-gris-clair-contour-noir-v2.png\",\"width\":1157,\"height\":709,\"caption\":\"Ermont Ville d&#039;Europe\"},\"image\":{\"@id\":\"https:\\\/\\\/eve95ermont.com\\\/#\\\/schema\\\/logo\\\/image\\\/\"}}]}<\/script>\n<!-- \/ Yoast SEO plugin. -->","yoast_head_json":{"title":"Maldegem (Belgique) - Ermont Ville d&#039;Europe","robots":{"index":"index","follow":"follow","max-snippet":"max-snippet:-1","max-image-preview":"max-image-preview:large","max-video-preview":"max-video-preview:-1"},"canonical":"http:\/\/eve95ermont.com\/index.php\/ville-maldegem-belgique\/","og_locale":"fr_FR","og_type":"article","og_title":"Maldegem (Belgique) - Ermont Ville d&#039;Europe","og_description":"30 avril 1967&nbsp;: Ermont signe un jumelage avec la ville de Maldegem en Belgique Flamande Maldegem : environ 25&nbsp;000 habitants Maldegem est une commune situ\u00e9e dans la province belge de Flandre orientale. La commune comprend les villages de Maldegem, Adegem et Middelburg. Dans le pays flamand, Maldegem demeure une vaste commune rurale tr\u00e8s active, tr\u00e8s [&hellip;]","og_url":"http:\/\/eve95ermont.com\/index.php\/ville-maldegem-belgique\/","og_site_name":"Ermont Ville d&#039;Europe","article_modified_time":"2024-07-03T20:04:54+00:00","og_image":[{"width":335,"height":319,"url":"http:\/\/eve95ermont.com\/wp-content\/uploads\/2023\/04\/maldegem.png","type":"image\/png"}],"twitter_card":"summary_large_image","twitter_misc":{"Dur\u00e9e de lecture estim\u00e9e":"1 minute"},"schema":{"@context":"https:\/\/schema.org","@graph":[{"@type":"WebPage","@id":"http:\/\/eve95ermont.com\/index.php\/ville-maldegem-belgique\/","url":"http:\/\/eve95ermont.com\/index.php\/ville-maldegem-belgique\/","name":"Maldegem (Belgique) - Ermont Ville d&#039;Europe","isPartOf":{"@id":"https:\/\/eve95ermont.com\/#website"},"primaryImageOfPage":{"@id":"http:\/\/eve95ermont.com\/index.php\/ville-maldegem-belgique\/#primaryimage"},"image":{"@id":"http:\/\/eve95ermont.com\/index.php\/ville-maldegem-belgique\/#primaryimage"},"thumbnailUrl":"https:\/\/eve95ermont.com\/wp-content\/uploads\/2023\/04\/maldegem.png","datePublished":"2023-04-23T07:48:10+00:00","dateModified":"2024-07-03T20:04:54+00:00","breadcrumb":{"@id":"http:\/\/eve95ermont.com\/index.php\/ville-maldegem-belgique\/#breadcrumb"},"inLanguage":"fr-FR","potentialAction":[{"@type":"ReadAction","target":["http:\/\/eve95ermont.com\/index.php\/ville-maldegem-belgique\/"]}]},{"@type":"ImageObject","inLanguage":"fr-FR","@id":"http:\/\/eve95ermont.com\/index.php\/ville-maldegem-belgique\/#primaryimage","url":"https:\/\/eve95ermont.com\/wp-content\/uploads\/2023\/04\/maldegem.png","contentUrl":"https:\/\/eve95ermont.com\/wp-content\/uploads\/2023\/04\/maldegem.png","width":335,"height":319},{"@type":"BreadcrumbList","@id":"http:\/\/eve95ermont.com\/index.php\/ville-maldegem-belgique\/#breadcrumb","itemListElement":[{"@type":"ListItem","position":1,"name":"Accueil","item":"https:\/\/eve95ermont.com\/"},{"@type":"ListItem","position":2,"name":"Maldegem (Belgique)"}]},{"@type":"WebSite","@id":"https:\/\/eve95ermont.com\/#website","url":"https:\/\/eve95ermont.com\/","name":"Ermont Ville d&#039;Europe","description":"L&#039;association de jumelage d&#039;Ermont","publisher":{"@id":"https:\/\/eve95ermont.com\/#organization"},"potentialAction":[{"@type":"SearchAction","target":{"@type":"EntryPoint","urlTemplate":"https:\/\/eve95ermont.com\/?s={search_term_string}"},"query-input":{"@type":"PropertyValueSpecification","valueRequired":true,"valueName":"search_term_string"}}],"inLanguage":"fr-FR"},{"@type":"Organization","@id":"https:\/\/eve95ermont.com\/#organization","name":"Ermont Ville d&#039;Europe","url":"https:\/\/eve95ermont.com\/","logo":{"@type":"ImageObject","inLanguage":"fr-FR","@id":"https:\/\/eve95ermont.com\/#\/schema\/logo\/image\/","url":"https:\/\/eve95ermont.com\/wp-content\/uploads\/2023\/06\/cropped-logo-eve-proposition-gris-clair-contour-noir-v2.png","contentUrl":"https:\/\/eve95ermont.com\/wp-content\/uploads\/2023\/06\/cropped-logo-eve-proposition-gris-clair-contour-noir-v2.png","width":1157,"height":709,"caption":"Ermont Ville d&#039;Europe"},"image":{"@id":"https:\/\/eve95ermont.com\/#\/schema\/logo\/image\/"}}]}},"_links":{"self":[{"href":"https:\/\/eve95ermont.com\/index.php\/wp-json\/wp\/v2\/pages\/84","targetHints":{"allow":["GET"]}}],"collection":[{"href":"https:\/\/eve95ermont.com\/index.php\/wp-json\/wp\/v2\/pages"}],"about":[{"href":"https:\/\/eve95ermont.com\/index.php\/wp-json\/wp\/v2\/types\/page"}],"author":[{"embeddable":true,"href":"https:\/\/eve95ermont.com\/index.php\/wp-json\/wp\/v2\/users\/2"}],"replies":[{"embeddable":true,"href":"https:\/\/eve95ermont.com\/index.php\/wp-json\/wp\/v2\/comments?post=84"}],"version-history":[{"count":8,"href":"https:\/\/eve95ermont.com\/index.php\/wp-json\/wp\/v2\/pages\/84\/revisions"}],"predecessor-version":[{"id":1168,"href":"https:\/\/eve95ermont.com\/index.php\/wp-json\/wp\/v2\/pages\/84\/revisions\/1168"}],"wp:featuredmedia":[{"embeddable":true,"href":"https:\/\/eve95ermont.com\/index.php\/wp-json\/wp\/v2\/media\/256"}],"wp:attachment":[{"href":"https:\/\/eve95ermont.com\/index.php\/wp-json\/wp\/v2\/media?parent=84"}],"wp:term":[{"taxonomy":"category","embeddable":true,"href":"https:\/\/eve95ermont.com\/index.php\/wp-json\/wp\/v2\/categories?post=84"},{"taxonomy":"post_tag","embeddable":true,"href":"https:\/\/eve95ermont.com\/index.php\/wp-json\/wp\/v2\/tags?post=84"}],"curies":[{"name":"wp","href":"https:\/\/api.w.org\/{rel}","templated":true}]}}