{"id":820,"date":"2023-09-26T22:06:36","date_gmt":"2023-09-26T20:06:36","guid":{"rendered":"https:\/\/eve95ermont.com\/?page_id=820"},"modified":"2023-10-04T23:01:13","modified_gmt":"2023-10-04T21:01:13","slug":"membres-monique-marquer","status":"publish","type":"page","link":"https:\/\/eve95ermont.com\/index.php\/membres-monique-marquer\/","title":{"rendered":"Monique MARQUER"},"content":{"rendered":"<div class=\"wp-block-image\">\n<figure class=\"aligncenter size-full\"><img loading=\"lazy\" decoding=\"async\" width=\"287\" height=\"285\" src=\"http:\/\/eve95ermont.com\/wp-content\/uploads\/2023\/10\/monique-marquer.png\" alt=\"Monique Marquer\" class=\"wp-image-852\" srcset=\"https:\/\/eve95ermont.com\/wp-content\/uploads\/2023\/10\/monique-marquer.png 287w, https:\/\/eve95ermont.com\/wp-content\/uploads\/2023\/10\/monique-marquer-150x150.png 150w\" sizes=\"auto, (max-width: 287px) 100vw, 287px\" \/><figcaption class=\"wp-element-caption\">Monique Marquer &#8211; Membre actif bureau 2023 &#8211; Enseignante Espagnole<\/figcaption><\/figure>\n<\/div>\n\n\n<h3 class=\"wp-block-heading has-text-align-center\">Monique MARQUER<\/h3>\n\n\n\n<h4 class=\"wp-block-heading has-text-align-center\">Membre actif depuis 2023<br>R\u00e9sidente \u00e0 Ermont depuis 1988<\/h4>\n\n\n\n<h3 class=\"wp-block-heading has-text-align-center\">Langues parl\u00e9es : Anglais, Espagnol<\/h3>\n\n\n\n<hr class=\"wp-block-separator has-text-color has-alpha-channel-opacity has-background\" style=\"background-color:#3d4773;color:#3d4773\"\/>\n\n\n\n<h2 class=\"wp-block-heading has-text-align-center\">Engagement &amp; Participation<\/h2>\n\n\n\n<hr class=\"wp-block-separator has-text-color has-alpha-channel-opacity has-background is-style-default\" style=\"background-color:#fff940;color:#fff940\"\/>\n\n\n\n<ul class=\"wp-block-list\">\n<li>Membre du bureau<\/li>\n\n\n\n<li>Professeur d&rsquo;espagnol<\/li>\n\n\n\n<li>Accompagnatrice des familles qui viennent \u00e0 Ermont<\/li>\n<\/ul>\n\n\n\n<p><\/p>\n\n\n\n<h2 class=\"wp-block-heading has-text-align-center\">Centre d&rsquo;int\u00e9r\u00eat &amp; hobbies<\/h2>\n\n\n\n<hr class=\"wp-block-separator has-text-color has-alpha-channel-opacity has-background is-style-default\" style=\"background-color:#fff940;color:#fff940\"\/>\n\n\n\n<ul class=\"wp-block-list\">\n<li>Les arts: peinture, sculpture, lecture et cin\u00e9ma<\/li>\n\n\n\n<li>Les sports: natation, cyclisme, voile<\/li>\n\n\n\n<li>Tr\u00e8s impliqu\u00e9e dans la vie de la Maison de Quartier &#8211; Centre social des Esp\u00e9rances<\/li>\n\n\n\n<li>Instructrice de m\u00e9ditation et Yaga<\/li>\n<\/ul>\n","protected":false},"excerpt":{"rendered":"<p>Membre active du bureau Monique Marquer &#8211; Professeur d&rsquo;Espagnole &#8211; Ermont ville d&rsquo;Europe<\/p>\n","protected":false},"author":2,"featured_media":0,"parent":0,"menu_order":0,"comment_status":"closed","ping_status":"closed","template":"","meta":{"footnotes":""},"categories":[9],"tags":[],"class_list":["post-820","page","type-page","status-publish","hentry","category-members"],"yoast_head":"<!-- This site is optimized with the Yoast SEO plugin v27.3 - https:\/\/yoast.com\/product\/yoast-seo-wordpress\/ -->\n<title>Monique MARQUER - Ermont Ville d&#039;Europe<\/title>\n<meta name=\"description\" content=\"Membre active du bureau Monique Marquer - Professeur d&#039;Espagnole - Ermont ville d&#039;europe, accompagnatrice des familles qui viennent \u00e0 Ermont\" \/>\n<meta name=\"robots\" content=\"index, follow, max-snippet:-1, max-image-preview:large, max-video-preview:-1\" \/>\n<link rel=\"canonical\" href=\"http:\/\/eve95ermont.com\/index.php\/membres-monique-marquer\/\" \/>\n<meta property=\"og:locale\" content=\"fr_FR\" \/>\n<meta property=\"og:type\" content=\"article\" \/>\n<meta property=\"og:title\" content=\"Monique MARQUER - Ermont Ville d&#039;Europe\" \/>\n<meta property=\"og:description\" content=\"Membre active du bureau Monique Marquer - Professeur d&#039;Espagnole - Ermont ville d&#039;europe, accompagnatrice des familles qui viennent \u00e0 Ermont\" \/>\n<meta property=\"og:url\" content=\"http:\/\/eve95ermont.com\/index.php\/membres-monique-marquer\/\" \/>\n<meta property=\"og:site_name\" content=\"Ermont Ville d&#039;Europe\" \/>\n<meta property=\"article:modified_time\" content=\"2023-10-04T21:01:13+00:00\" \/>\n<meta property=\"og:image\" content=\"http:\/\/eve95ermont.com\/wp-content\/uploads\/2023\/10\/monique-marquer.png\" \/>\n<meta name=\"twitter:card\" content=\"summary_large_image\" \/>\n<meta name=\"twitter:label1\" content=\"Dur\u00e9e de lecture estim\u00e9e\" \/>\n\t<meta name=\"twitter:data1\" content=\"1 minute\" \/>\n<script type=\"application\/ld+json\" class=\"yoast-schema-graph\">{\"@context\":\"https:\\\/\\\/schema.org\",\"@graph\":[{\"@type\":\"WebPage\",\"@id\":\"http:\\\/\\\/eve95ermont.com\\\/index.php\\\/membres-monique-marquer\\\/\",\"url\":\"http:\\\/\\\/eve95ermont.com\\\/index.php\\\/membres-monique-marquer\\\/\",\"name\":\"Monique MARQUER - Ermont Ville d&#039;Europe\",\"isPartOf\":{\"@id\":\"https:\\\/\\\/eve95ermont.com\\\/#website\"},\"primaryImageOfPage\":{\"@id\":\"http:\\\/\\\/eve95ermont.com\\\/index.php\\\/membres-monique-marquer\\\/#primaryimage\"},\"image\":{\"@id\":\"http:\\\/\\\/eve95ermont.com\\\/index.php\\\/membres-monique-marquer\\\/#primaryimage\"},\"thumbnailUrl\":\"http:\\\/\\\/eve95ermont.com\\\/wp-content\\\/uploads\\\/2023\\\/10\\\/monique-marquer.png\",\"datePublished\":\"2023-09-26T20:06:36+00:00\",\"dateModified\":\"2023-10-04T21:01:13+00:00\",\"description\":\"Membre active du bureau Monique Marquer - Professeur d'Espagnole - Ermont ville d'europe, accompagnatrice des familles qui viennent \u00e0 Ermont\",\"breadcrumb\":{\"@id\":\"http:\\\/\\\/eve95ermont.com\\\/index.php\\\/membres-monique-marquer\\\/#breadcrumb\"},\"inLanguage\":\"fr-FR\",\"potentialAction\":[{\"@type\":\"ReadAction\",\"target\":[\"http:\\\/\\\/eve95ermont.com\\\/index.php\\\/membres-monique-marquer\\\/\"]}]},{\"@type\":\"ImageObject\",\"inLanguage\":\"fr-FR\",\"@id\":\"http:\\\/\\\/eve95ermont.com\\\/index.php\\\/membres-monique-marquer\\\/#primaryimage\",\"url\":\"https:\\\/\\\/eve95ermont.com\\\/wp-content\\\/uploads\\\/2023\\\/10\\\/monique-marquer.png\",\"contentUrl\":\"https:\\\/\\\/eve95ermont.com\\\/wp-content\\\/uploads\\\/2023\\\/10\\\/monique-marquer.png\",\"width\":287,\"height\":285,\"caption\":\"Monique Marquer - Membre actif bureau 2023 - Enseignante Espagnole\"},{\"@type\":\"BreadcrumbList\",\"@id\":\"http:\\\/\\\/eve95ermont.com\\\/index.php\\\/membres-monique-marquer\\\/#breadcrumb\",\"itemListElement\":[{\"@type\":\"ListItem\",\"position\":1,\"name\":\"Accueil\",\"item\":\"https:\\\/\\\/eve95ermont.com\\\/\"},{\"@type\":\"ListItem\",\"position\":2,\"name\":\"Monique MARQUER\"}]},{\"@type\":\"WebSite\",\"@id\":\"https:\\\/\\\/eve95ermont.com\\\/#website\",\"url\":\"https:\\\/\\\/eve95ermont.com\\\/\",\"name\":\"Ermont Ville d&#039;Europe\",\"description\":\"L&#039;association de jumelage d&#039;Ermont\",\"publisher\":{\"@id\":\"https:\\\/\\\/eve95ermont.com\\\/#organization\"},\"potentialAction\":[{\"@type\":\"SearchAction\",\"target\":{\"@type\":\"EntryPoint\",\"urlTemplate\":\"https:\\\/\\\/eve95ermont.com\\\/?s={search_term_string}\"},\"query-input\":{\"@type\":\"PropertyValueSpecification\",\"valueRequired\":true,\"valueName\":\"search_term_string\"}}],\"inLanguage\":\"fr-FR\"},{\"@type\":\"Organization\",\"@id\":\"https:\\\/\\\/eve95ermont.com\\\/#organization\",\"name\":\"Ermont Ville d&#039;Europe\",\"url\":\"https:\\\/\\\/eve95ermont.com\\\/\",\"logo\":{\"@type\":\"ImageObject\",\"inLanguage\":\"fr-FR\",\"@id\":\"https:\\\/\\\/eve95ermont.com\\\/#\\\/schema\\\/logo\\\/image\\\/\",\"url\":\"https:\\\/\\\/eve95ermont.com\\\/wp-content\\\/uploads\\\/2023\\\/06\\\/cropped-logo-eve-proposition-gris-clair-contour-noir-v2.png\",\"contentUrl\":\"https:\\\/\\\/eve95ermont.com\\\/wp-content\\\/uploads\\\/2023\\\/06\\\/cropped-logo-eve-proposition-gris-clair-contour-noir-v2.png\",\"width\":1157,\"height\":709,\"caption\":\"Ermont Ville d&#039;Europe\"},\"image\":{\"@id\":\"https:\\\/\\\/eve95ermont.com\\\/#\\\/schema\\\/logo\\\/image\\\/\"}}]}<\/script>\n<!-- \/ Yoast SEO plugin. -->","yoast_head_json":{"title":"Monique MARQUER - Ermont Ville d&#039;Europe","description":"Membre active du bureau Monique Marquer - Professeur d'Espagnole - Ermont ville d'europe, accompagnatrice des familles qui viennent \u00e0 Ermont","robots":{"index":"index","follow":"follow","max-snippet":"max-snippet:-1","max-image-preview":"max-image-preview:large","max-video-preview":"max-video-preview:-1"},"canonical":"http:\/\/eve95ermont.com\/index.php\/membres-monique-marquer\/","og_locale":"fr_FR","og_type":"article","og_title":"Monique MARQUER - Ermont Ville d&#039;Europe","og_description":"Membre active du bureau Monique Marquer - Professeur d'Espagnole - Ermont ville d'europe, accompagnatrice des familles qui viennent \u00e0 Ermont","og_url":"http:\/\/eve95ermont.com\/index.php\/membres-monique-marquer\/","og_site_name":"Ermont Ville d&#039;Europe","article_modified_time":"2023-10-04T21:01:13+00:00","og_image":[{"url":"http:\/\/eve95ermont.com\/wp-content\/uploads\/2023\/10\/monique-marquer.png","type":"","width":"","height":""}],"twitter_card":"summary_large_image","twitter_misc":{"Dur\u00e9e de lecture estim\u00e9e":"1 minute"},"schema":{"@context":"https:\/\/schema.org","@graph":[{"@type":"WebPage","@id":"http:\/\/eve95ermont.com\/index.php\/membres-monique-marquer\/","url":"http:\/\/eve95ermont.com\/index.php\/membres-monique-marquer\/","name":"Monique MARQUER - Ermont Ville d&#039;Europe","isPartOf":{"@id":"https:\/\/eve95ermont.com\/#website"},"primaryImageOfPage":{"@id":"http:\/\/eve95ermont.com\/index.php\/membres-monique-marquer\/#primaryimage"},"image":{"@id":"http:\/\/eve95ermont.com\/index.php\/membres-monique-marquer\/#primaryimage"},"thumbnailUrl":"http:\/\/eve95ermont.com\/wp-content\/uploads\/2023\/10\/monique-marquer.png","datePublished":"2023-09-26T20:06:36+00:00","dateModified":"2023-10-04T21:01:13+00:00","description":"Membre active du bureau Monique Marquer - Professeur d'Espagnole - Ermont ville d'europe, accompagnatrice des familles qui viennent \u00e0 Ermont","breadcrumb":{"@id":"http:\/\/eve95ermont.com\/index.php\/membres-monique-marquer\/#breadcrumb"},"inLanguage":"fr-FR","potentialAction":[{"@type":"ReadAction","target":["http:\/\/eve95ermont.com\/index.php\/membres-monique-marquer\/"]}]},{"@type":"ImageObject","inLanguage":"fr-FR","@id":"http:\/\/eve95ermont.com\/index.php\/membres-monique-marquer\/#primaryimage","url":"https:\/\/eve95ermont.com\/wp-content\/uploads\/2023\/10\/monique-marquer.png","contentUrl":"https:\/\/eve95ermont.com\/wp-content\/uploads\/2023\/10\/monique-marquer.png","width":287,"height":285,"caption":"Monique Marquer - Membre actif bureau 2023 - Enseignante Espagnole"},{"@type":"BreadcrumbList","@id":"http:\/\/eve95ermont.com\/index.php\/membres-monique-marquer\/#breadcrumb","itemListElement":[{"@type":"ListItem","position":1,"name":"Accueil","item":"https:\/\/eve95ermont.com\/"},{"@type":"ListItem","position":2,"name":"Monique MARQUER"}]},{"@type":"WebSite","@id":"https:\/\/eve95ermont.com\/#website","url":"https:\/\/eve95ermont.com\/","name":"Ermont Ville d&#039;Europe","description":"L&#039;association de jumelage d&#039;Ermont","publisher":{"@id":"https:\/\/eve95ermont.com\/#organization"},"potentialAction":[{"@type":"SearchAction","target":{"@type":"EntryPoint","urlTemplate":"https:\/\/eve95ermont.com\/?s={search_term_string}"},"query-input":{"@type":"PropertyValueSpecification","valueRequired":true,"valueName":"search_term_string"}}],"inLanguage":"fr-FR"},{"@type":"Organization","@id":"https:\/\/eve95ermont.com\/#organization","name":"Ermont Ville d&#039;Europe","url":"https:\/\/eve95ermont.com\/","logo":{"@type":"ImageObject","inLanguage":"fr-FR","@id":"https:\/\/eve95ermont.com\/#\/schema\/logo\/image\/","url":"https:\/\/eve95ermont.com\/wp-content\/uploads\/2023\/06\/cropped-logo-eve-proposition-gris-clair-contour-noir-v2.png","contentUrl":"https:\/\/eve95ermont.com\/wp-content\/uploads\/2023\/06\/cropped-logo-eve-proposition-gris-clair-contour-noir-v2.png","width":1157,"height":709,"caption":"Ermont Ville d&#039;Europe"},"image":{"@id":"https:\/\/eve95ermont.com\/#\/schema\/logo\/image\/"}}]}},"_links":{"self":[{"href":"https:\/\/eve95ermont.com\/index.php\/wp-json\/wp\/v2\/pages\/820","targetHints":{"allow":["GET"]}}],"collection":[{"href":"https:\/\/eve95ermont.com\/index.php\/wp-json\/wp\/v2\/pages"}],"about":[{"href":"https:\/\/eve95ermont.com\/index.php\/wp-json\/wp\/v2\/types\/page"}],"author":[{"embeddable":true,"href":"https:\/\/eve95ermont.com\/index.php\/wp-json\/wp\/v2\/users\/2"}],"replies":[{"embeddable":true,"href":"https:\/\/eve95ermont.com\/index.php\/wp-json\/wp\/v2\/comments?post=820"}],"version-history":[{"count":3,"href":"https:\/\/eve95ermont.com\/index.php\/wp-json\/wp\/v2\/pages\/820\/revisions"}],"predecessor-version":[{"id":861,"href":"https:\/\/eve95ermont.com\/index.php\/wp-json\/wp\/v2\/pages\/820\/revisions\/861"}],"wp:attachment":[{"href":"https:\/\/eve95ermont.com\/index.php\/wp-json\/wp\/v2\/media?parent=820"}],"wp:term":[{"taxonomy":"category","embeddable":true,"href":"https:\/\/eve95ermont.com\/index.php\/wp-json\/wp\/v2\/categories?post=820"},{"taxonomy":"post_tag","embeddable":true,"href":"https:\/\/eve95ermont.com\/index.php\/wp-json\/wp\/v2\/tags?post=820"}],"curies":[{"name":"wp","href":"https:\/\/api.w.org\/{rel}","templated":true}]}}