{"id":81,"date":"2023-04-23T09:45:06","date_gmt":"2023-04-23T07:45:06","guid":{"rendered":"https:\/\/eve95ermont.com\/?page_id=81"},"modified":"2024-07-03T22:03:20","modified_gmt":"2024-07-03T20:03:20","slug":"ville-adria-italie","status":"publish","type":"page","link":"https:\/\/eve95ermont.com\/index.php\/ville-adria-italie\/","title":{"rendered":"Adria (Italie)"},"content":{"rendered":"\n<hr class=\"wp-block-separator has-text-color has-alpha-channel-opacity has-background\" style=\"background-color:#3d4773;color:#3d4773\"\/>\n\n\n<div class=\"wp-block-image\">\n<figure class=\"aligncenter size-large\"><img loading=\"lazy\" decoding=\"async\" width=\"1024\" height=\"536\" src=\"http:\/\/eve95ermont.com\/wp-content\/uploads\/2023\/04\/header-adria-1024x536.png\" alt=\"\" class=\"wp-image-276\" srcset=\"https:\/\/eve95ermont.com\/wp-content\/uploads\/2023\/04\/header-adria-1024x536.png 1024w, https:\/\/eve95ermont.com\/wp-content\/uploads\/2023\/04\/header-adria-300x157.png 300w, https:\/\/eve95ermont.com\/wp-content\/uploads\/2023\/04\/header-adria-768x402.png 768w, https:\/\/eve95ermont.com\/wp-content\/uploads\/2023\/04\/header-adria.png 1500w\" sizes=\"auto, (max-width: 1024px) 100vw, 1024px\" \/><\/figure>\n<\/div>\n\n\n<hr class=\"wp-block-separator has-text-color has-alpha-channel-opacity has-background\" style=\"background-color:#3d4773;color:#3d4773\"\/>\n\n\n\n<p><strong>30 avril 1967 : Ermont signe un jumelage avec la ville italienne d&rsquo;Adria.<\/strong><\/p>\n\n\n\n<p>Adria en Italie&nbsp;: environ 20&nbsp;000 habitants<\/p>\n\n\n\n<p>Adria est une commune italienne de la province de Rovigo dans la r\u00e9gion de la V\u00e9n\u00e9tie au nord-est de l&rsquo;Italie,   Elle est situ\u00e9e dans le&nbsp;<a href=\"https:\/\/fr.wikipedia.org\/wiki\/Parc_r%C3%A9gional_du_Delta_du_P%C3%B4\">parc r\u00e9gional du Delta du P\u00f4<\/a>&nbsp;\u00e0 4&nbsp;m\u00e8tres au-dessus du niveau de la mer, \u00e0 20 km de la c\u00f4te \u00e0 une soixantaine de kms de Venise. Port tr\u00e8s florissant pendant l\u2019Antiquit\u00e9, la ville d\u2019Adria a donn\u00e9 son nom \u00e0 la mer adriatique. Tour \u00e0 tour, grecque, \u00e9trusque puis romaine, Adria garde des vestiges prestigieux de son pass\u00e9 dans son mus\u00e9e national connu dans le monde entier.<\/p>\n\n\n\n<p>Plus d&rsquo;informations sur <a href=\"https:\/\/www.comune.adria.ro.it\/2022\/06\/13\/adria-a-breve-la-giunta-municipale-approvera-il-progetto-definitivo-esecutivo-della-ciclo-pedonale-valliera-adria\/\" target=\"_blank\" rel=\"noreferrer noopener\">Adria<\/a> <\/p>\n\n\n\n<hr class=\"wp-block-separator has-text-color has-alpha-channel-opacity has-background\" style=\"background-color:#3d4773;color:#3d4773\"\/>\n\n\n\n<h2 class=\"wp-block-heading has-text-align-center\">Articles<\/h2>\n\n\n            <div id=\"post-grid-lazy-1147\" class=\"post-grid-lazy\"><img decoding=\"async\" alt=\"\" src=\"\" \/><\/div>\n        <script>\n            jQuery('#post-grid-lazy-1147').ready(function($) {\n                $('#post-grid-lazy-1147').fadeOut();\n                $('#post-grid-1147   ').fadeIn();\n            })\n        <\/script>\n        <style type=\"text\/css\">\n            #post-grid-1147 {\n                display: none;\n            }\n\n            .post-grid-lazy {\n                text-align: center;\n            }\n        <\/style>\n        <div data-options='{&quot;id&quot;:&quot;1147&quot;,&quot;lazy_load&quot;:&quot;yes&quot;,&quot;masonry_enable&quot;:&quot;no&quot;,&quot;view_type&quot;:&quot;grid&quot;}' id=\"post-grid-1147\" class=\"post-grid grid\">\n                <div class=\"grid-items\">\n            <div class=\"item item-688 skin flat even 0 \">\n                <div class=\"layer-wrapper layout-127\">\n                <a class=\" element_1682835123535\" id=\"\" href=\"https:\/\/eve95ermont.com\/index.php\/2023\/08\/18\/elementor-688\/\">\n\n\n        <div class=\"element element_1682834639594  thumb_link \">\n                    <img decoding=\"async\" src=\"https:\/\/eve95ermont.com\/wp-content\/uploads\/2023\/08\/IMG-20230509-WA0073-1024x768.jpg\">\n        \n\n    <\/div>\n    <div class=\"element element_1682244529733  title \">\n                    <a target=\"_blank\" href=\"https:\/\/eve95ermont.com\/index.php\/2023\/08\/18\/elementor-688\/\">F\u00eate du jumelage \u00e0 Maldegem<\/a>\n\n        \n\n    <\/div>\n    <hr class=\"element element_1682832568808  hr \">\n    <\/hr>\n    <div class=\"element element_1689186392009  excerpt \">\n        Les 5, 6 et 7 mai 2023 a eu lieu la f\u00eate du jumelage \u00e0 Maldegem, en Belgique. Ce fut l\u2019occasion de rassembler des participants de plusieurs villes jumel\u00e9es avec Ermont : Adria (Italie), Lampertheim (Allemagne), Swidnica (Pologne). Evidemment, l\u2019association Ermont Ville d\u2019Europe \u00e9tait pr\u00e9sente en compagnie de quelques repr\u00e9sentants            <\/div>\n    <\/a>\n        <\/div>\n    <\/div>        <\/div>\n        <div class=\"pagination\">\n            <div class=\"paginate\">\n            <\/div>\n    <style type=\"text\/css\">\n        #post-grid-1147 .pagination .page-numbers {\n            font-size: 16px;\n            color: #fff;\n            background: #646464;\n        }\n\n        #post-grid-1147 .pagination .page-numbers:hover,\n        #post-grid-1147 .pagination .page-numbers.current {\n            background: #4b4b4b;\n        }\n    <\/style>\n    <\/div>\n    <style type=\"text\/css\">\n        .layout-127 .element_1682834639594 {\n            overflow: hidden;\n                    }\n\n        .layout-127 .element_1682834639594 img {\n            max-width: 100%;\n            height: auto;\n        }\n\n        @media only screen and (min-width: 1024px) {\n            .layout-127 .element_1682834639594 {\n                            }\n        }\n\n        @media only screen and (min-width: 768px) and (max-width: 1023px) {\n            .layout-127 .element_1682834639594 {\n                            }\n        }\n\n        @media only screen and (min-width: 0px) and (max-width: 767px) {\n            .layout-127 .element_1682834639594 {\n                            }\n        }\n    <\/style>\n    <style type=\"text\/css\">\n        .layout-127 .element_1682244529733 {\n            color: #1e73be;\n            text-align: left;\n            font-weight:bold;\r\ntext-decoration: none;        }\n\n        .layout-127 .element_1682244529733 a {\n            color: #1e73be;\n            text-align: left;\n            font-weight:bold;\r\ntext-decoration: none;        }\n    <\/style>\n    <style type=\"text\/css\">\n        .layout-127 .element_1682832568808 {\n                    }\n\n            <\/style>\n    <style type=\"text\/css\">\n        .layout-127 .element_1689186392009 {\n            text-align: left;\n                    }\n\n        .layout-127 .element_1689186392009 a {\n                    }\n    <\/style>\n    \n\n        <script>\n        \n            <\/script>\n        <style type=\"text\/css\">\n        #post-grid-1147 {\n                    }\n\n        #post-grid-1147 .item {\n            \/*             margin:;\n         *\/\n            padding: 0px;\n            background: #fff;\n                    }\n\n        #post-grid-1147 .item .layer-media {\n            height:auto;        }\n\n        @media only screen and (min-width: 0px) and (max-width: 767px) {\n            #post-grid-1147 .grid-items {\n                display: grid;\n                grid-template-columns: 1fr ;\n                column-gap: 10px;\n                row-gap: 10px;\n                ;\n\n            }\n\n            #post-grid-1147 .item {\n                height:auto;            }\n        }\n\n        @media only screen and (min-width: 768px) and (max-width: 1023px) {\n            #post-grid-1147 .grid-items {\n                display: grid;\n                grid-template-columns: 1fr 1fr ;\n                column-gap: 10px;\n                row-gap: 10px             }\n\n            #post-grid-1147 .item {\n                max-height:auto;            }\n        }\n\n        @media only screen and (min-width: 1024px) {\n            #post-grid-1147 .grid-items {\n                display: grid;\n                grid-template-columns: 1fr 1fr 1fr ;\n                column-gap: 10px;\n                row-gap: 10px;\n                            }\n\n            #post-grid-1147 .item {\n                height:auto;            }\n        }\n\n            <\/style>\n    <\/div>\n\n","protected":false},"excerpt":{"rendered":"<p>Adria est une ville jumel\u00e9es \u00e0 Ermont depuis1967.Adria est une commune italienne dans la r\u00e9gion de la V\u00e9n\u00e9tie au nord-est de l&rsquo;Italie<\/p>\n","protected":false},"author":2,"featured_media":251,"parent":0,"menu_order":0,"comment_status":"closed","ping_status":"closed","template":"","meta":{"footnotes":""},"categories":[3],"tags":[13],"class_list":["post-81","page","type-page","status-publish","has-post-thumbnail","hentry","category-city","tag-italie"],"yoast_head":"<!-- This site is optimized with the Yoast SEO plugin v27.4 - https:\/\/yoast.com\/product\/yoast-seo-wordpress\/ -->\n<title>Adria (Italie) - Ermont Ville d&#039;Europe<\/title>\n<meta name=\"description\" content=\"Adria est une ville jumel\u00e9es \u00e0 Ermont depuis1967.Adria est une commune italienne dans la r\u00e9gion de la V\u00e9n\u00e9tie au nord-est de l&#039;Italie\" \/>\n<meta name=\"robots\" content=\"index, follow, max-snippet:-1, max-image-preview:large, max-video-preview:-1\" \/>\n<link rel=\"canonical\" href=\"https:\/\/eve95ermont.com\/index.php\/ville-adria-italie\/\" \/>\n<meta property=\"og:locale\" content=\"fr_FR\" \/>\n<meta property=\"og:type\" content=\"article\" \/>\n<meta property=\"og:title\" content=\"Adria (Italie) - Ermont Ville d&#039;Europe\" \/>\n<meta property=\"og:description\" content=\"Adria est une ville jumel\u00e9es \u00e0 Ermont depuis1967.Adria est une commune italienne dans la r\u00e9gion de la V\u00e9n\u00e9tie au nord-est de l&#039;Italie\" \/>\n<meta property=\"og:url\" content=\"https:\/\/eve95ermont.com\/index.php\/ville-adria-italie\/\" \/>\n<meta property=\"og:site_name\" content=\"Ermont Ville d&#039;Europe\" \/>\n<meta property=\"article:modified_time\" content=\"2024-07-03T20:03:20+00:00\" \/>\n<meta property=\"og:image\" content=\"https:\/\/eve95ermont.com\/wp-content\/uploads\/2023\/04\/adria.png\" \/>\n\t<meta property=\"og:image:width\" content=\"363\" \/>\n\t<meta property=\"og:image:height\" content=\"335\" \/>\n\t<meta property=\"og:image:type\" content=\"image\/png\" \/>\n<meta name=\"twitter:card\" content=\"summary_large_image\" \/>\n<meta name=\"twitter:label1\" content=\"Dur\u00e9e de lecture estim\u00e9e\" \/>\n\t<meta name=\"twitter:data1\" content=\"2 minutes\" \/>\n<script type=\"application\/ld+json\" class=\"yoast-schema-graph\">{\"@context\":\"https:\\\/\\\/schema.org\",\"@graph\":[{\"@type\":\"WebPage\",\"@id\":\"https:\\\/\\\/eve95ermont.com\\\/index.php\\\/ville-adria-italie\\\/\",\"url\":\"https:\\\/\\\/eve95ermont.com\\\/index.php\\\/ville-adria-italie\\\/\",\"name\":\"Adria (Italie) - Ermont Ville d&#039;Europe\",\"isPartOf\":{\"@id\":\"https:\\\/\\\/eve95ermont.com\\\/#website\"},\"primaryImageOfPage\":{\"@id\":\"https:\\\/\\\/eve95ermont.com\\\/index.php\\\/ville-adria-italie\\\/#primaryimage\"},\"image\":{\"@id\":\"https:\\\/\\\/eve95ermont.com\\\/index.php\\\/ville-adria-italie\\\/#primaryimage\"},\"thumbnailUrl\":\"https:\\\/\\\/eve95ermont.com\\\/wp-content\\\/uploads\\\/2023\\\/04\\\/adria.png\",\"datePublished\":\"2023-04-23T07:45:06+00:00\",\"dateModified\":\"2024-07-03T20:03:20+00:00\",\"description\":\"Adria est une ville jumel\u00e9es \u00e0 Ermont depuis1967.Adria est une commune italienne dans la r\u00e9gion de la V\u00e9n\u00e9tie au nord-est de l'Italie\",\"breadcrumb\":{\"@id\":\"https:\\\/\\\/eve95ermont.com\\\/index.php\\\/ville-adria-italie\\\/#breadcrumb\"},\"inLanguage\":\"fr-FR\",\"potentialAction\":[{\"@type\":\"ReadAction\",\"target\":[\"https:\\\/\\\/eve95ermont.com\\\/index.php\\\/ville-adria-italie\\\/\"]}]},{\"@type\":\"ImageObject\",\"inLanguage\":\"fr-FR\",\"@id\":\"https:\\\/\\\/eve95ermont.com\\\/index.php\\\/ville-adria-italie\\\/#primaryimage\",\"url\":\"https:\\\/\\\/eve95ermont.com\\\/wp-content\\\/uploads\\\/2023\\\/04\\\/adria.png\",\"contentUrl\":\"https:\\\/\\\/eve95ermont.com\\\/wp-content\\\/uploads\\\/2023\\\/04\\\/adria.png\",\"width\":363,\"height\":335},{\"@type\":\"BreadcrumbList\",\"@id\":\"https:\\\/\\\/eve95ermont.com\\\/index.php\\\/ville-adria-italie\\\/#breadcrumb\",\"itemListElement\":[{\"@type\":\"ListItem\",\"position\":1,\"name\":\"Accueil\",\"item\":\"https:\\\/\\\/eve95ermont.com\\\/\"},{\"@type\":\"ListItem\",\"position\":2,\"name\":\"Adria (Italie)\"}]},{\"@type\":\"WebSite\",\"@id\":\"https:\\\/\\\/eve95ermont.com\\\/#website\",\"url\":\"https:\\\/\\\/eve95ermont.com\\\/\",\"name\":\"Ermont Ville d&#039;Europe\",\"description\":\"L&#039;association de jumelage d&#039;Ermont\",\"publisher\":{\"@id\":\"https:\\\/\\\/eve95ermont.com\\\/#organization\"},\"potentialAction\":[{\"@type\":\"SearchAction\",\"target\":{\"@type\":\"EntryPoint\",\"urlTemplate\":\"https:\\\/\\\/eve95ermont.com\\\/?s={search_term_string}\"},\"query-input\":{\"@type\":\"PropertyValueSpecification\",\"valueRequired\":true,\"valueName\":\"search_term_string\"}}],\"inLanguage\":\"fr-FR\"},{\"@type\":\"Organization\",\"@id\":\"https:\\\/\\\/eve95ermont.com\\\/#organization\",\"name\":\"Ermont Ville d&#039;Europe\",\"url\":\"https:\\\/\\\/eve95ermont.com\\\/\",\"logo\":{\"@type\":\"ImageObject\",\"inLanguage\":\"fr-FR\",\"@id\":\"https:\\\/\\\/eve95ermont.com\\\/#\\\/schema\\\/logo\\\/image\\\/\",\"url\":\"https:\\\/\\\/eve95ermont.com\\\/wp-content\\\/uploads\\\/2023\\\/06\\\/cropped-logo-eve-proposition-gris-clair-contour-noir-v2.png\",\"contentUrl\":\"https:\\\/\\\/eve95ermont.com\\\/wp-content\\\/uploads\\\/2023\\\/06\\\/cropped-logo-eve-proposition-gris-clair-contour-noir-v2.png\",\"width\":1157,\"height\":709,\"caption\":\"Ermont Ville d&#039;Europe\"},\"image\":{\"@id\":\"https:\\\/\\\/eve95ermont.com\\\/#\\\/schema\\\/logo\\\/image\\\/\"}}]}<\/script>\n<!-- \/ Yoast SEO plugin. -->","yoast_head_json":{"title":"Adria (Italie) - Ermont Ville d&#039;Europe","description":"Adria est une ville jumel\u00e9es \u00e0 Ermont depuis1967.Adria est une commune italienne dans la r\u00e9gion de la V\u00e9n\u00e9tie au nord-est de l'Italie","robots":{"index":"index","follow":"follow","max-snippet":"max-snippet:-1","max-image-preview":"max-image-preview:large","max-video-preview":"max-video-preview:-1"},"canonical":"https:\/\/eve95ermont.com\/index.php\/ville-adria-italie\/","og_locale":"fr_FR","og_type":"article","og_title":"Adria (Italie) - Ermont Ville d&#039;Europe","og_description":"Adria est une ville jumel\u00e9es \u00e0 Ermont depuis1967.Adria est une commune italienne dans la r\u00e9gion de la V\u00e9n\u00e9tie au nord-est de l'Italie","og_url":"https:\/\/eve95ermont.com\/index.php\/ville-adria-italie\/","og_site_name":"Ermont Ville d&#039;Europe","article_modified_time":"2024-07-03T20:03:20+00:00","og_image":[{"width":363,"height":335,"url":"https:\/\/eve95ermont.com\/wp-content\/uploads\/2023\/04\/adria.png","type":"image\/png"}],"twitter_card":"summary_large_image","twitter_misc":{"Dur\u00e9e de lecture estim\u00e9e":"2 minutes"},"schema":{"@context":"https:\/\/schema.org","@graph":[{"@type":"WebPage","@id":"https:\/\/eve95ermont.com\/index.php\/ville-adria-italie\/","url":"https:\/\/eve95ermont.com\/index.php\/ville-adria-italie\/","name":"Adria (Italie) - Ermont Ville d&#039;Europe","isPartOf":{"@id":"https:\/\/eve95ermont.com\/#website"},"primaryImageOfPage":{"@id":"https:\/\/eve95ermont.com\/index.php\/ville-adria-italie\/#primaryimage"},"image":{"@id":"https:\/\/eve95ermont.com\/index.php\/ville-adria-italie\/#primaryimage"},"thumbnailUrl":"https:\/\/eve95ermont.com\/wp-content\/uploads\/2023\/04\/adria.png","datePublished":"2023-04-23T07:45:06+00:00","dateModified":"2024-07-03T20:03:20+00:00","description":"Adria est une ville jumel\u00e9es \u00e0 Ermont depuis1967.Adria est une commune italienne dans la r\u00e9gion de la V\u00e9n\u00e9tie au nord-est de l'Italie","breadcrumb":{"@id":"https:\/\/eve95ermont.com\/index.php\/ville-adria-italie\/#breadcrumb"},"inLanguage":"fr-FR","potentialAction":[{"@type":"ReadAction","target":["https:\/\/eve95ermont.com\/index.php\/ville-adria-italie\/"]}]},{"@type":"ImageObject","inLanguage":"fr-FR","@id":"https:\/\/eve95ermont.com\/index.php\/ville-adria-italie\/#primaryimage","url":"https:\/\/eve95ermont.com\/wp-content\/uploads\/2023\/04\/adria.png","contentUrl":"https:\/\/eve95ermont.com\/wp-content\/uploads\/2023\/04\/adria.png","width":363,"height":335},{"@type":"BreadcrumbList","@id":"https:\/\/eve95ermont.com\/index.php\/ville-adria-italie\/#breadcrumb","itemListElement":[{"@type":"ListItem","position":1,"name":"Accueil","item":"https:\/\/eve95ermont.com\/"},{"@type":"ListItem","position":2,"name":"Adria (Italie)"}]},{"@type":"WebSite","@id":"https:\/\/eve95ermont.com\/#website","url":"https:\/\/eve95ermont.com\/","name":"Ermont Ville d&#039;Europe","description":"L&#039;association de jumelage d&#039;Ermont","publisher":{"@id":"https:\/\/eve95ermont.com\/#organization"},"potentialAction":[{"@type":"SearchAction","target":{"@type":"EntryPoint","urlTemplate":"https:\/\/eve95ermont.com\/?s={search_term_string}"},"query-input":{"@type":"PropertyValueSpecification","valueRequired":true,"valueName":"search_term_string"}}],"inLanguage":"fr-FR"},{"@type":"Organization","@id":"https:\/\/eve95ermont.com\/#organization","name":"Ermont Ville d&#039;Europe","url":"https:\/\/eve95ermont.com\/","logo":{"@type":"ImageObject","inLanguage":"fr-FR","@id":"https:\/\/eve95ermont.com\/#\/schema\/logo\/image\/","url":"https:\/\/eve95ermont.com\/wp-content\/uploads\/2023\/06\/cropped-logo-eve-proposition-gris-clair-contour-noir-v2.png","contentUrl":"https:\/\/eve95ermont.com\/wp-content\/uploads\/2023\/06\/cropped-logo-eve-proposition-gris-clair-contour-noir-v2.png","width":1157,"height":709,"caption":"Ermont Ville d&#039;Europe"},"image":{"@id":"https:\/\/eve95ermont.com\/#\/schema\/logo\/image\/"}}]}},"_links":{"self":[{"href":"https:\/\/eve95ermont.com\/index.php\/wp-json\/wp\/v2\/pages\/81","targetHints":{"allow":["GET"]}}],"collection":[{"href":"https:\/\/eve95ermont.com\/index.php\/wp-json\/wp\/v2\/pages"}],"about":[{"href":"https:\/\/eve95ermont.com\/index.php\/wp-json\/wp\/v2\/types\/page"}],"author":[{"embeddable":true,"href":"https:\/\/eve95ermont.com\/index.php\/wp-json\/wp\/v2\/users\/2"}],"replies":[{"embeddable":true,"href":"https:\/\/eve95ermont.com\/index.php\/wp-json\/wp\/v2\/comments?post=81"}],"version-history":[{"count":15,"href":"https:\/\/eve95ermont.com\/index.php\/wp-json\/wp\/v2\/pages\/81\/revisions"}],"predecessor-version":[{"id":1165,"href":"https:\/\/eve95ermont.com\/index.php\/wp-json\/wp\/v2\/pages\/81\/revisions\/1165"}],"wp:featuredmedia":[{"embeddable":true,"href":"https:\/\/eve95ermont.com\/index.php\/wp-json\/wp\/v2\/media\/251"}],"wp:attachment":[{"href":"https:\/\/eve95ermont.com\/index.php\/wp-json\/wp\/v2\/media?parent=81"}],"wp:term":[{"taxonomy":"category","embeddable":true,"href":"https:\/\/eve95ermont.com\/index.php\/wp-json\/wp\/v2\/categories?post=81"},{"taxonomy":"post_tag","embeddable":true,"href":"https:\/\/eve95ermont.com\/index.php\/wp-json\/wp\/v2\/tags?post=81"}],"curies":[{"name":"wp","href":"https:\/\/api.w.org\/{rel}","templated":true}]}}