{"id":796,"date":"2023-04-23T12:30:45","date_gmt":"2023-04-23T10:30:45","guid":{"rendered":"https:\/\/eve95ermont.com\/index.php\/membres-presidente-ariane-bellard-2-2-2-2-2\/"},"modified":"2024-11-06T18:56:50","modified_gmt":"2024-11-06T17:56:50","slug":"membres-elodie-kerfourn","status":"publish","type":"page","link":"https:\/\/eve95ermont.com\/index.php\/membres-elodie-kerfourn\/","title":{"rendered":"\u00c9lodie KERFOURN"},"content":{"rendered":"<div class=\"wp-block-image\">\n<figure class=\"aligncenter size-full\"><img loading=\"lazy\" decoding=\"async\" width=\"287\" height=\"285\" src=\"https:\/\/eve95ermont.com\/wp-content\/uploads\/2023\/10\/elodie-kerfourn.png\" alt=\"\" class=\"wp-image-833\" srcset=\"https:\/\/eve95ermont.com\/wp-content\/uploads\/2023\/10\/elodie-kerfourn.png 287w, https:\/\/eve95ermont.com\/wp-content\/uploads\/2023\/10\/elodie-kerfourn-150x150.png 150w\" sizes=\"auto, (max-width: 287px) 100vw, 287px\" \/><\/figure>\n<\/div>\n\n\n<h2 class=\"wp-block-heading has-text-align-center\">Responsable communication et Lampertheim<\/h2>\n\n\n\n<h3 class=\"wp-block-heading has-text-align-center\">\u00c9lodie KERFOURN<\/h3>\n\n\n\n<h4 class=\"wp-block-heading has-text-align-center\">Membre actif depuis 2023<br>R\u00e9sidente \u00e0 Ermont depuis 1981<\/h4>\n\n\n\n<h3 class=\"wp-block-heading has-text-align-center\">Langues parl\u00e9es : Anglais, Allemand<\/h3>\n\n\n\n<h3 class=\"wp-block-heading has-text-align-center\">Langue comprise : Espagnol (un peu)<\/h3>\n\n\n\n<hr class=\"wp-block-separator has-text-color has-alpha-channel-opacity has-background\" style=\"background-color:#3d4773;color:#3d4773\"\/>\n\n\n\n<h2 class=\"wp-block-heading has-text-align-center\">Engagement &amp; Participation<\/h2>\n\n\n\n<hr class=\"wp-block-separator has-text-color has-alpha-channel-opacity has-background is-style-default\" style=\"background-color:#fff940;color:#fff940\"\/>\n\n\n\n<p>Mises en \u0153uvre et organisations :<\/p>\n\n\n\n<ul class=\"wp-block-list\">\n<li>Participation active \u00e0 la r\u00e9alisation du site Internet d&rsquo;Ermont Ville d&rsquo;Europe<\/li>\n\n\n\n<li>Aide \u00e0 la mise en place de la page Facebook<\/li>\n\n\n\n<li>Voyage \u00e0 Maldegem en mai 2023 pour la f\u00eate du jumelage<\/li>\n<\/ul>\n\n\n\n<p><\/p>\n\n\n\n<p>En 1995, en tant qu&rsquo;\u00e9l\u00e8ve du coll\u00e8ge Jules Ferry : voyage \u00e0 Lampertheim dans le cadre des \u00e9changes scolaires. <\/p>\n\n\n\n<p><\/p>\n\n\n\n<h2 class=\"wp-block-heading has-text-align-center\">Centre d&rsquo;int\u00e9r\u00eat &amp; hobbies<\/h2>\n\n\n\n<hr class=\"wp-block-separator has-text-color has-alpha-channel-opacity has-background is-style-default\" style=\"background-color:#fff940;color:#fff940\"\/>\n\n\n\n<ul class=\"wp-block-list\">\n<li>Musique : compositrice, paroli\u00e8re et interpr\u00e8te de chansons sous le nom d<strong>\u2019<a href=\"https:\/\/elodiekeranne.e-monsite.com\/\">\u00c9lodie Keranne<\/a><\/strong><\/li>\n\n\n\n<li>\u00c9criture : publication d&rsquo;un recueil de po\u00e8mes<strong> <a href=\"https:\/\/www.thebookedition.com\/fr\/advienne-que-pourra-p-351239.html\"><em>Advienne que pourra<\/em> <\/a><\/strong><\/li>\n<\/ul>\n","protected":false},"excerpt":{"rendered":"<p>Pr\u00e9sidente &#8211; Membre actif depuis plus de 30 ans &#8211; Langues parl\u00e9es : Anglais, Espagnol &#8211; Langues comprises : Italien<\/p>\n","protected":false},"author":2,"featured_media":833,"parent":0,"menu_order":0,"comment_status":"closed","ping_status":"closed","template":"","meta":{"footnotes":""},"categories":[9],"tags":[],"class_list":["post-796","page","type-page","status-publish","has-post-thumbnail","hentry","category-members"],"yoast_head":"<!-- This site is optimized with the Yoast SEO plugin v27.4 - https:\/\/yoast.com\/product\/yoast-seo-wordpress\/ -->\n<title>\u00c9lodie KERFOURN - Ermont Ville d&#039;Europe<\/title>\n<meta name=\"description\" content=\"Responsable Communication, \u00c9lodie s&#039;occupe de la r\u00e9daction des articles du site internet et de la page Facebook. Membre actif depuis 2023\" \/>\n<meta name=\"robots\" content=\"index, follow, max-snippet:-1, max-image-preview:large, max-video-preview:-1\" \/>\n<link rel=\"canonical\" href=\"https:\/\/eve95ermont.com\/index.php\/membres-elodie-kerfourn\/\" \/>\n<meta property=\"og:locale\" content=\"fr_FR\" \/>\n<meta property=\"og:type\" content=\"article\" \/>\n<meta property=\"og:title\" content=\"\u00c9lodie KERFOURN - Ermont Ville d&#039;Europe\" \/>\n<meta property=\"og:description\" content=\"Responsable Communication, \u00c9lodie s&#039;occupe de la r\u00e9daction des articles du site internet et de la page Facebook. Membre actif depuis 2023\" \/>\n<meta property=\"og:url\" content=\"https:\/\/eve95ermont.com\/index.php\/membres-elodie-kerfourn\/\" \/>\n<meta property=\"og:site_name\" content=\"Ermont Ville d&#039;Europe\" \/>\n<meta property=\"article:modified_time\" content=\"2024-11-06T17:56:50+00:00\" \/>\n<meta property=\"og:image\" content=\"https:\/\/eve95ermont.com\/wp-content\/uploads\/2023\/10\/elodie-kerfourn.png\" \/>\n\t<meta property=\"og:image:width\" content=\"287\" \/>\n\t<meta property=\"og:image:height\" content=\"285\" \/>\n\t<meta property=\"og:image:type\" content=\"image\/png\" \/>\n<meta name=\"twitter:card\" content=\"summary_large_image\" \/>\n<meta name=\"twitter:label1\" content=\"Dur\u00e9e de lecture estim\u00e9e\" \/>\n\t<meta name=\"twitter:data1\" content=\"1 minute\" \/>\n<script type=\"application\/ld+json\" class=\"yoast-schema-graph\">{\"@context\":\"https:\\\/\\\/schema.org\",\"@graph\":[{\"@type\":\"WebPage\",\"@id\":\"https:\\\/\\\/eve95ermont.com\\\/index.php\\\/membres-elodie-kerfourn\\\/\",\"url\":\"https:\\\/\\\/eve95ermont.com\\\/index.php\\\/membres-elodie-kerfourn\\\/\",\"name\":\"\u00c9lodie KERFOURN - Ermont Ville d&#039;Europe\",\"isPartOf\":{\"@id\":\"https:\\\/\\\/eve95ermont.com\\\/#website\"},\"primaryImageOfPage\":{\"@id\":\"https:\\\/\\\/eve95ermont.com\\\/index.php\\\/membres-elodie-kerfourn\\\/#primaryimage\"},\"image\":{\"@id\":\"https:\\\/\\\/eve95ermont.com\\\/index.php\\\/membres-elodie-kerfourn\\\/#primaryimage\"},\"thumbnailUrl\":\"https:\\\/\\\/eve95ermont.com\\\/wp-content\\\/uploads\\\/2023\\\/10\\\/elodie-kerfourn.png\",\"datePublished\":\"2023-04-23T10:30:45+00:00\",\"dateModified\":\"2024-11-06T17:56:50+00:00\",\"description\":\"Responsable Communication, \u00c9lodie s'occupe de la r\u00e9daction des articles du site internet et de la page Facebook. Membre actif depuis 2023\",\"breadcrumb\":{\"@id\":\"https:\\\/\\\/eve95ermont.com\\\/index.php\\\/membres-elodie-kerfourn\\\/#breadcrumb\"},\"inLanguage\":\"fr-FR\",\"potentialAction\":[{\"@type\":\"ReadAction\",\"target\":[\"https:\\\/\\\/eve95ermont.com\\\/index.php\\\/membres-elodie-kerfourn\\\/\"]}]},{\"@type\":\"ImageObject\",\"inLanguage\":\"fr-FR\",\"@id\":\"https:\\\/\\\/eve95ermont.com\\\/index.php\\\/membres-elodie-kerfourn\\\/#primaryimage\",\"url\":\"https:\\\/\\\/eve95ermont.com\\\/wp-content\\\/uploads\\\/2023\\\/10\\\/elodie-kerfourn.png\",\"contentUrl\":\"https:\\\/\\\/eve95ermont.com\\\/wp-content\\\/uploads\\\/2023\\\/10\\\/elodie-kerfourn.png\",\"width\":287,\"height\":285,\"caption\":\"Elodie KERFOURN - Responsable Communication\"},{\"@type\":\"BreadcrumbList\",\"@id\":\"https:\\\/\\\/eve95ermont.com\\\/index.php\\\/membres-elodie-kerfourn\\\/#breadcrumb\",\"itemListElement\":[{\"@type\":\"ListItem\",\"position\":1,\"name\":\"Accueil\",\"item\":\"https:\\\/\\\/eve95ermont.com\\\/\"},{\"@type\":\"ListItem\",\"position\":2,\"name\":\"\u00c9lodie KERFOURN\"}]},{\"@type\":\"WebSite\",\"@id\":\"https:\\\/\\\/eve95ermont.com\\\/#website\",\"url\":\"https:\\\/\\\/eve95ermont.com\\\/\",\"name\":\"Ermont Ville d&#039;Europe\",\"description\":\"L&#039;association de jumelage d&#039;Ermont\",\"publisher\":{\"@id\":\"https:\\\/\\\/eve95ermont.com\\\/#organization\"},\"potentialAction\":[{\"@type\":\"SearchAction\",\"target\":{\"@type\":\"EntryPoint\",\"urlTemplate\":\"https:\\\/\\\/eve95ermont.com\\\/?s={search_term_string}\"},\"query-input\":{\"@type\":\"PropertyValueSpecification\",\"valueRequired\":true,\"valueName\":\"search_term_string\"}}],\"inLanguage\":\"fr-FR\"},{\"@type\":\"Organization\",\"@id\":\"https:\\\/\\\/eve95ermont.com\\\/#organization\",\"name\":\"Ermont Ville d&#039;Europe\",\"url\":\"https:\\\/\\\/eve95ermont.com\\\/\",\"logo\":{\"@type\":\"ImageObject\",\"inLanguage\":\"fr-FR\",\"@id\":\"https:\\\/\\\/eve95ermont.com\\\/#\\\/schema\\\/logo\\\/image\\\/\",\"url\":\"https:\\\/\\\/eve95ermont.com\\\/wp-content\\\/uploads\\\/2023\\\/06\\\/cropped-logo-eve-proposition-gris-clair-contour-noir-v2.png\",\"contentUrl\":\"https:\\\/\\\/eve95ermont.com\\\/wp-content\\\/uploads\\\/2023\\\/06\\\/cropped-logo-eve-proposition-gris-clair-contour-noir-v2.png\",\"width\":1157,\"height\":709,\"caption\":\"Ermont Ville d&#039;Europe\"},\"image\":{\"@id\":\"https:\\\/\\\/eve95ermont.com\\\/#\\\/schema\\\/logo\\\/image\\\/\"}}]}<\/script>\n<!-- \/ Yoast SEO plugin. -->","yoast_head_json":{"title":"\u00c9lodie KERFOURN - Ermont Ville d&#039;Europe","description":"Responsable Communication, \u00c9lodie s'occupe de la r\u00e9daction des articles du site internet et de la page Facebook. Membre actif depuis 2023","robots":{"index":"index","follow":"follow","max-snippet":"max-snippet:-1","max-image-preview":"max-image-preview:large","max-video-preview":"max-video-preview:-1"},"canonical":"https:\/\/eve95ermont.com\/index.php\/membres-elodie-kerfourn\/","og_locale":"fr_FR","og_type":"article","og_title":"\u00c9lodie KERFOURN - Ermont Ville d&#039;Europe","og_description":"Responsable Communication, \u00c9lodie s'occupe de la r\u00e9daction des articles du site internet et de la page Facebook. Membre actif depuis 2023","og_url":"https:\/\/eve95ermont.com\/index.php\/membres-elodie-kerfourn\/","og_site_name":"Ermont Ville d&#039;Europe","article_modified_time":"2024-11-06T17:56:50+00:00","og_image":[{"width":287,"height":285,"url":"https:\/\/eve95ermont.com\/wp-content\/uploads\/2023\/10\/elodie-kerfourn.png","type":"image\/png"}],"twitter_card":"summary_large_image","twitter_misc":{"Dur\u00e9e de lecture estim\u00e9e":"1 minute"},"schema":{"@context":"https:\/\/schema.org","@graph":[{"@type":"WebPage","@id":"https:\/\/eve95ermont.com\/index.php\/membres-elodie-kerfourn\/","url":"https:\/\/eve95ermont.com\/index.php\/membres-elodie-kerfourn\/","name":"\u00c9lodie KERFOURN - Ermont Ville d&#039;Europe","isPartOf":{"@id":"https:\/\/eve95ermont.com\/#website"},"primaryImageOfPage":{"@id":"https:\/\/eve95ermont.com\/index.php\/membres-elodie-kerfourn\/#primaryimage"},"image":{"@id":"https:\/\/eve95ermont.com\/index.php\/membres-elodie-kerfourn\/#primaryimage"},"thumbnailUrl":"https:\/\/eve95ermont.com\/wp-content\/uploads\/2023\/10\/elodie-kerfourn.png","datePublished":"2023-04-23T10:30:45+00:00","dateModified":"2024-11-06T17:56:50+00:00","description":"Responsable Communication, \u00c9lodie s'occupe de la r\u00e9daction des articles du site internet et de la page Facebook. Membre actif depuis 2023","breadcrumb":{"@id":"https:\/\/eve95ermont.com\/index.php\/membres-elodie-kerfourn\/#breadcrumb"},"inLanguage":"fr-FR","potentialAction":[{"@type":"ReadAction","target":["https:\/\/eve95ermont.com\/index.php\/membres-elodie-kerfourn\/"]}]},{"@type":"ImageObject","inLanguage":"fr-FR","@id":"https:\/\/eve95ermont.com\/index.php\/membres-elodie-kerfourn\/#primaryimage","url":"https:\/\/eve95ermont.com\/wp-content\/uploads\/2023\/10\/elodie-kerfourn.png","contentUrl":"https:\/\/eve95ermont.com\/wp-content\/uploads\/2023\/10\/elodie-kerfourn.png","width":287,"height":285,"caption":"Elodie KERFOURN - Responsable Communication"},{"@type":"BreadcrumbList","@id":"https:\/\/eve95ermont.com\/index.php\/membres-elodie-kerfourn\/#breadcrumb","itemListElement":[{"@type":"ListItem","position":1,"name":"Accueil","item":"https:\/\/eve95ermont.com\/"},{"@type":"ListItem","position":2,"name":"\u00c9lodie KERFOURN"}]},{"@type":"WebSite","@id":"https:\/\/eve95ermont.com\/#website","url":"https:\/\/eve95ermont.com\/","name":"Ermont Ville d&#039;Europe","description":"L&#039;association de jumelage d&#039;Ermont","publisher":{"@id":"https:\/\/eve95ermont.com\/#organization"},"potentialAction":[{"@type":"SearchAction","target":{"@type":"EntryPoint","urlTemplate":"https:\/\/eve95ermont.com\/?s={search_term_string}"},"query-input":{"@type":"PropertyValueSpecification","valueRequired":true,"valueName":"search_term_string"}}],"inLanguage":"fr-FR"},{"@type":"Organization","@id":"https:\/\/eve95ermont.com\/#organization","name":"Ermont Ville d&#039;Europe","url":"https:\/\/eve95ermont.com\/","logo":{"@type":"ImageObject","inLanguage":"fr-FR","@id":"https:\/\/eve95ermont.com\/#\/schema\/logo\/image\/","url":"https:\/\/eve95ermont.com\/wp-content\/uploads\/2023\/06\/cropped-logo-eve-proposition-gris-clair-contour-noir-v2.png","contentUrl":"https:\/\/eve95ermont.com\/wp-content\/uploads\/2023\/06\/cropped-logo-eve-proposition-gris-clair-contour-noir-v2.png","width":1157,"height":709,"caption":"Ermont Ville d&#039;Europe"},"image":{"@id":"https:\/\/eve95ermont.com\/#\/schema\/logo\/image\/"}}]}},"_links":{"self":[{"href":"https:\/\/eve95ermont.com\/index.php\/wp-json\/wp\/v2\/pages\/796","targetHints":{"allow":["GET"]}}],"collection":[{"href":"https:\/\/eve95ermont.com\/index.php\/wp-json\/wp\/v2\/pages"}],"about":[{"href":"https:\/\/eve95ermont.com\/index.php\/wp-json\/wp\/v2\/types\/page"}],"author":[{"embeddable":true,"href":"https:\/\/eve95ermont.com\/index.php\/wp-json\/wp\/v2\/users\/2"}],"replies":[{"embeddable":true,"href":"https:\/\/eve95ermont.com\/index.php\/wp-json\/wp\/v2\/comments?post=796"}],"version-history":[{"count":18,"href":"https:\/\/eve95ermont.com\/index.php\/wp-json\/wp\/v2\/pages\/796\/revisions"}],"predecessor-version":[{"id":1188,"href":"https:\/\/eve95ermont.com\/index.php\/wp-json\/wp\/v2\/pages\/796\/revisions\/1188"}],"wp:featuredmedia":[{"embeddable":true,"href":"https:\/\/eve95ermont.com\/index.php\/wp-json\/wp\/v2\/media\/833"}],"wp:attachment":[{"href":"https:\/\/eve95ermont.com\/index.php\/wp-json\/wp\/v2\/media?parent=796"}],"wp:term":[{"taxonomy":"category","embeddable":true,"href":"https:\/\/eve95ermont.com\/index.php\/wp-json\/wp\/v2\/categories?post=796"},{"taxonomy":"post_tag","embeddable":true,"href":"https:\/\/eve95ermont.com\/index.php\/wp-json\/wp\/v2\/tags?post=796"}],"curies":[{"name":"wp","href":"https:\/\/api.w.org\/{rel}","templated":true}]}}