{"id":646,"date":"2023-07-29T20:57:12","date_gmt":"2023-07-29T18:57:12","guid":{"rendered":"https:\/\/eve95ermont.com\/?page_id=646"},"modified":"2023-08-16T12:08:50","modified_gmt":"2023-08-16T10:08:50","slug":"lassociation-de-jumelage-e-v-e","status":"publish","type":"page","link":"https:\/\/eve95ermont.com\/index.php\/lassociation-de-jumelage-e-v-e\/","title":{"rendered":"L\u2019Association de Jumelage E. V. E."},"content":{"rendered":"\n<h2 class=\"wp-block-heading\">L\u2019Association de Jumelage E. V. E.<\/h2>\n\n\n\n<p>Cr\u00e9\u00e9e par Pierre LECUT en 19178, Ermont Ville d\u2019Europe est avant tout une association d\u2019\u00e9changes de familles. Nous avons \u00e0 c\u0153ur de d\u00e9velopper des liens amicaux entre les habitants des communes jumel\u00e9es avec Ermont (Adria en Italie,  Lampertheim en Allemagne, Maldegem en Belgique, Loja en Espagne, Swidnica en Pologne, Banbury en Angleterre). Nous sommes partenaires de la mairie pour l\u2019organisation de f\u00eates de jumelage, rencontres culturelles et sportives avec les villes jumel\u00e9es&#8230; Nous soutenons des projets humanitaires ou encore aidons les jeunes \u00e0 trouver des stages dans nos villes jumel\u00e9es.<\/p>\n\n\n\n<h2 class=\"wp-block-heading\">Nos jumelages &#8211; d\u00e9clarations d&rsquo;amiti\u00e9s<\/h2>\n\n\n\n<p>Les 5 jumelages officiels Ermontois :<\/p>\n\n\n\n<p>\u00c0 travers ses divers jumelages avec plusieurs pays europ\u00e9ens, Ermont s\u2019inscrit pleinement dans cette d\u00e9marche. Les Ermontois ont donc une implication concr\u00e8te au sein de l\u2019Union Europ\u00e9enne.<\/p>\n\n\n\n<p>1966 : Signature du serment de jumelage avec la ville de Lampertheim en Allemagne<\/p>\n\n\n\n<p>1967 : Signature de serment de jumelage avec la ville d\u2019Adria en Italie<\/p>\n\n\n\n<p>1967 : Signature de serment de jumelage avec la ville de Maldegem en Belgique<\/p>\n\n\n\n<p>2005 : Signature du serment de jumelage avec la ville de Loja en Espagne <\/p>\n\n\n\n<p>2017 : Signature du serment de Jumelage avec la ville de Swidnica en Pologne.<\/p>\n\n\n\n<p>1 jumelage entre Associations : <\/p>\n\n\n\n<p>1982 : Signature de Jumelage entre l\u2019Association Ermont Ville d\u2019Europe et Banbury Twinning Association en Angleterre<\/p>\n\n\n\n<p>2 d\u00e9clarations d\u2019amiti\u00e9s :<\/p>\n\n\n\n<p>1991 : D\u00e9claration d\u2019amiti\u00e9 entre le Cherwell District Council avec la ville d\u2019Ermont<\/p>\n\n\n\n<p>2005 :  D\u00e9claration d\u2019amiti\u00e9 avec la ville de Rovigno en Croatie<\/p>\n","protected":false},"excerpt":{"rendered":"<p>L\u2019Association de Jumelage E. V. E. Cr\u00e9\u00e9e par Pierre LECUT en 19178, Ermont Ville d\u2019Europe est avant tout une association d\u2019\u00e9changes de familles. Nous avons \u00e0 c\u0153ur de d\u00e9velopper des liens amicaux entre les habitants des communes jumel\u00e9es avec Ermont (Adria en Italie, Lampertheim en Allemagne, Maldegem en Belgique, Loja en Espagne, Swidnica en Pologne, [&hellip;]<\/p>\n","protected":false},"author":2,"featured_media":0,"parent":0,"menu_order":0,"comment_status":"closed","ping_status":"closed","template":"","meta":{"footnotes":""},"categories":[],"tags":[],"class_list":["post-646","page","type-page","status-publish","hentry"],"yoast_head":"<!-- This site is optimized with the Yoast SEO plugin v27.4 - https:\/\/yoast.com\/product\/yoast-seo-wordpress\/ -->\n<title>L\u2019Association de Jumelage E. V. E. - Ermont Ville d&#039;Europe<\/title>\n<meta name=\"robots\" content=\"index, follow, max-snippet:-1, max-image-preview:large, max-video-preview:-1\" \/>\n<link rel=\"canonical\" href=\"http:\/\/eve95ermont.com\/index.php\/lassociation-de-jumelage-e-v-e\/\" \/>\n<meta property=\"og:locale\" content=\"fr_FR\" \/>\n<meta property=\"og:type\" content=\"article\" \/>\n<meta property=\"og:title\" content=\"L\u2019Association de Jumelage E. V. E. - Ermont Ville d&#039;Europe\" \/>\n<meta property=\"og:description\" content=\"L\u2019Association de Jumelage E. V. E. Cr\u00e9\u00e9e par Pierre LECUT en 19178, Ermont Ville d\u2019Europe est avant tout une association d\u2019\u00e9changes de familles. Nous avons \u00e0 c\u0153ur de d\u00e9velopper des liens amicaux entre les habitants des communes jumel\u00e9es avec Ermont (Adria en Italie, Lampertheim en Allemagne, Maldegem en Belgique, Loja en Espagne, Swidnica en Pologne, [&hellip;]\" \/>\n<meta property=\"og:url\" content=\"http:\/\/eve95ermont.com\/index.php\/lassociation-de-jumelage-e-v-e\/\" \/>\n<meta property=\"og:site_name\" content=\"Ermont Ville d&#039;Europe\" \/>\n<meta property=\"article:modified_time\" content=\"2023-08-16T10:08:50+00:00\" \/>\n<meta name=\"twitter:card\" content=\"summary_large_image\" \/>\n<meta name=\"twitter:label1\" content=\"Dur\u00e9e de lecture estim\u00e9e\" \/>\n\t<meta name=\"twitter:data1\" content=\"2 minutes\" \/>\n<script type=\"application\/ld+json\" class=\"yoast-schema-graph\">{\"@context\":\"https:\\\/\\\/schema.org\",\"@graph\":[{\"@type\":\"WebPage\",\"@id\":\"http:\\\/\\\/eve95ermont.com\\\/index.php\\\/lassociation-de-jumelage-e-v-e\\\/\",\"url\":\"http:\\\/\\\/eve95ermont.com\\\/index.php\\\/lassociation-de-jumelage-e-v-e\\\/\",\"name\":\"L\u2019Association de Jumelage E. V. E. - Ermont Ville d&#039;Europe\",\"isPartOf\":{\"@id\":\"https:\\\/\\\/eve95ermont.com\\\/#website\"},\"datePublished\":\"2023-07-29T18:57:12+00:00\",\"dateModified\":\"2023-08-16T10:08:50+00:00\",\"breadcrumb\":{\"@id\":\"http:\\\/\\\/eve95ermont.com\\\/index.php\\\/lassociation-de-jumelage-e-v-e\\\/#breadcrumb\"},\"inLanguage\":\"fr-FR\",\"potentialAction\":[{\"@type\":\"ReadAction\",\"target\":[\"http:\\\/\\\/eve95ermont.com\\\/index.php\\\/lassociation-de-jumelage-e-v-e\\\/\"]}]},{\"@type\":\"BreadcrumbList\",\"@id\":\"http:\\\/\\\/eve95ermont.com\\\/index.php\\\/lassociation-de-jumelage-e-v-e\\\/#breadcrumb\",\"itemListElement\":[{\"@type\":\"ListItem\",\"position\":1,\"name\":\"Accueil\",\"item\":\"https:\\\/\\\/eve95ermont.com\\\/\"},{\"@type\":\"ListItem\",\"position\":2,\"name\":\"L\u2019Association de Jumelage E. V. E.\"}]},{\"@type\":\"WebSite\",\"@id\":\"https:\\\/\\\/eve95ermont.com\\\/#website\",\"url\":\"https:\\\/\\\/eve95ermont.com\\\/\",\"name\":\"Ermont Ville d&#039;Europe\",\"description\":\"L&#039;association de jumelage d&#039;Ermont\",\"publisher\":{\"@id\":\"https:\\\/\\\/eve95ermont.com\\\/#organization\"},\"potentialAction\":[{\"@type\":\"SearchAction\",\"target\":{\"@type\":\"EntryPoint\",\"urlTemplate\":\"https:\\\/\\\/eve95ermont.com\\\/?s={search_term_string}\"},\"query-input\":{\"@type\":\"PropertyValueSpecification\",\"valueRequired\":true,\"valueName\":\"search_term_string\"}}],\"inLanguage\":\"fr-FR\"},{\"@type\":\"Organization\",\"@id\":\"https:\\\/\\\/eve95ermont.com\\\/#organization\",\"name\":\"Ermont Ville d&#039;Europe\",\"url\":\"https:\\\/\\\/eve95ermont.com\\\/\",\"logo\":{\"@type\":\"ImageObject\",\"inLanguage\":\"fr-FR\",\"@id\":\"https:\\\/\\\/eve95ermont.com\\\/#\\\/schema\\\/logo\\\/image\\\/\",\"url\":\"https:\\\/\\\/eve95ermont.com\\\/wp-content\\\/uploads\\\/2023\\\/06\\\/cropped-logo-eve-proposition-gris-clair-contour-noir-v2.png\",\"contentUrl\":\"https:\\\/\\\/eve95ermont.com\\\/wp-content\\\/uploads\\\/2023\\\/06\\\/cropped-logo-eve-proposition-gris-clair-contour-noir-v2.png\",\"width\":1157,\"height\":709,\"caption\":\"Ermont Ville d&#039;Europe\"},\"image\":{\"@id\":\"https:\\\/\\\/eve95ermont.com\\\/#\\\/schema\\\/logo\\\/image\\\/\"}}]}<\/script>\n<!-- \/ Yoast SEO plugin. -->","yoast_head_json":{"title":"L\u2019Association de Jumelage E. V. E. - Ermont Ville d&#039;Europe","robots":{"index":"index","follow":"follow","max-snippet":"max-snippet:-1","max-image-preview":"max-image-preview:large","max-video-preview":"max-video-preview:-1"},"canonical":"http:\/\/eve95ermont.com\/index.php\/lassociation-de-jumelage-e-v-e\/","og_locale":"fr_FR","og_type":"article","og_title":"L\u2019Association de Jumelage E. V. E. - Ermont Ville d&#039;Europe","og_description":"L\u2019Association de Jumelage E. V. E. Cr\u00e9\u00e9e par Pierre LECUT en 19178, Ermont Ville d\u2019Europe est avant tout une association d\u2019\u00e9changes de familles. Nous avons \u00e0 c\u0153ur de d\u00e9velopper des liens amicaux entre les habitants des communes jumel\u00e9es avec Ermont (Adria en Italie, Lampertheim en Allemagne, Maldegem en Belgique, Loja en Espagne, Swidnica en Pologne, [&hellip;]","og_url":"http:\/\/eve95ermont.com\/index.php\/lassociation-de-jumelage-e-v-e\/","og_site_name":"Ermont Ville d&#039;Europe","article_modified_time":"2023-08-16T10:08:50+00:00","twitter_card":"summary_large_image","twitter_misc":{"Dur\u00e9e de lecture estim\u00e9e":"2 minutes"},"schema":{"@context":"https:\/\/schema.org","@graph":[{"@type":"WebPage","@id":"http:\/\/eve95ermont.com\/index.php\/lassociation-de-jumelage-e-v-e\/","url":"http:\/\/eve95ermont.com\/index.php\/lassociation-de-jumelage-e-v-e\/","name":"L\u2019Association de Jumelage E. V. E. - Ermont Ville d&#039;Europe","isPartOf":{"@id":"https:\/\/eve95ermont.com\/#website"},"datePublished":"2023-07-29T18:57:12+00:00","dateModified":"2023-08-16T10:08:50+00:00","breadcrumb":{"@id":"http:\/\/eve95ermont.com\/index.php\/lassociation-de-jumelage-e-v-e\/#breadcrumb"},"inLanguage":"fr-FR","potentialAction":[{"@type":"ReadAction","target":["http:\/\/eve95ermont.com\/index.php\/lassociation-de-jumelage-e-v-e\/"]}]},{"@type":"BreadcrumbList","@id":"http:\/\/eve95ermont.com\/index.php\/lassociation-de-jumelage-e-v-e\/#breadcrumb","itemListElement":[{"@type":"ListItem","position":1,"name":"Accueil","item":"https:\/\/eve95ermont.com\/"},{"@type":"ListItem","position":2,"name":"L\u2019Association de Jumelage E. V. E."}]},{"@type":"WebSite","@id":"https:\/\/eve95ermont.com\/#website","url":"https:\/\/eve95ermont.com\/","name":"Ermont Ville d&#039;Europe","description":"L&#039;association de jumelage d&#039;Ermont","publisher":{"@id":"https:\/\/eve95ermont.com\/#organization"},"potentialAction":[{"@type":"SearchAction","target":{"@type":"EntryPoint","urlTemplate":"https:\/\/eve95ermont.com\/?s={search_term_string}"},"query-input":{"@type":"PropertyValueSpecification","valueRequired":true,"valueName":"search_term_string"}}],"inLanguage":"fr-FR"},{"@type":"Organization","@id":"https:\/\/eve95ermont.com\/#organization","name":"Ermont Ville d&#039;Europe","url":"https:\/\/eve95ermont.com\/","logo":{"@type":"ImageObject","inLanguage":"fr-FR","@id":"https:\/\/eve95ermont.com\/#\/schema\/logo\/image\/","url":"https:\/\/eve95ermont.com\/wp-content\/uploads\/2023\/06\/cropped-logo-eve-proposition-gris-clair-contour-noir-v2.png","contentUrl":"https:\/\/eve95ermont.com\/wp-content\/uploads\/2023\/06\/cropped-logo-eve-proposition-gris-clair-contour-noir-v2.png","width":1157,"height":709,"caption":"Ermont Ville d&#039;Europe"},"image":{"@id":"https:\/\/eve95ermont.com\/#\/schema\/logo\/image\/"}}]}},"_links":{"self":[{"href":"https:\/\/eve95ermont.com\/index.php\/wp-json\/wp\/v2\/pages\/646","targetHints":{"allow":["GET"]}}],"collection":[{"href":"https:\/\/eve95ermont.com\/index.php\/wp-json\/wp\/v2\/pages"}],"about":[{"href":"https:\/\/eve95ermont.com\/index.php\/wp-json\/wp\/v2\/types\/page"}],"author":[{"embeddable":true,"href":"https:\/\/eve95ermont.com\/index.php\/wp-json\/wp\/v2\/users\/2"}],"replies":[{"embeddable":true,"href":"https:\/\/eve95ermont.com\/index.php\/wp-json\/wp\/v2\/comments?post=646"}],"version-history":[{"count":5,"href":"https:\/\/eve95ermont.com\/index.php\/wp-json\/wp\/v2\/pages\/646\/revisions"}],"predecessor-version":[{"id":658,"href":"https:\/\/eve95ermont.com\/index.php\/wp-json\/wp\/v2\/pages\/646\/revisions\/658"}],"wp:attachment":[{"href":"https:\/\/eve95ermont.com\/index.php\/wp-json\/wp\/v2\/media?parent=646"}],"wp:term":[{"taxonomy":"category","embeddable":true,"href":"https:\/\/eve95ermont.com\/index.php\/wp-json\/wp\/v2\/categories?post=646"},{"taxonomy":"post_tag","embeddable":true,"href":"https:\/\/eve95ermont.com\/index.php\/wp-json\/wp\/v2\/tags?post=646"}],"curies":[{"name":"wp","href":"https:\/\/api.w.org\/{rel}","templated":true}]}}