{"id":55,"date":"2023-04-23T09:09:07","date_gmt":"2023-04-23T07:09:07","guid":{"rendered":"https:\/\/eve95ermont.com\/?page_id=55"},"modified":"2024-07-03T22:03:50","modified_gmt":"2024-07-03T20:03:50","slug":"lampertheim-allemagne","status":"publish","type":"page","link":"https:\/\/eve95ermont.com\/index.php\/lampertheim-allemagne\/","title":{"rendered":"Lampertheim (Allemagne)"},"content":{"rendered":"\n<hr class=\"wp-block-separator has-text-color has-alpha-channel-opacity has-background\" style=\"background-color:#3d4773;color:#3d4773\"\/>\n\n\n<div class=\"wp-block-image is-style-default\">\n<figure class=\"aligncenter size-large\"><img loading=\"lazy\" decoding=\"async\" width=\"1024\" height=\"536\" src=\"https:\/\/eve95ermont.com\/wp-content\/uploads\/2023\/04\/header-lampertheim-1024x536.png\" alt=\"\" class=\"wp-image-258\" srcset=\"https:\/\/eve95ermont.com\/wp-content\/uploads\/2023\/04\/header-lampertheim-1024x536.png 1024w, https:\/\/eve95ermont.com\/wp-content\/uploads\/2023\/04\/header-lampertheim-300x157.png 300w, https:\/\/eve95ermont.com\/wp-content\/uploads\/2023\/04\/header-lampertheim-768x402.png 768w, https:\/\/eve95ermont.com\/wp-content\/uploads\/2023\/04\/header-lampertheim.png 1500w\" sizes=\"auto, (max-width: 1024px) 100vw, 1024px\" \/><\/figure>\n<\/div>\n\n\n<hr class=\"wp-block-separator has-text-color has-alpha-channel-opacity has-background\" style=\"background-color:#3d4773;color:#3d4773\"\/>\n\n\n\n<p class=\"has-text-align-left\"><strong>1<sup>er<\/sup> mai et 3 juillet 1966&nbsp;: <\/strong><strong>Ermont signe un jumelage avec la ville de<\/strong><strong>&nbsp;Lampertheim en Allemagne<\/strong><strong><\/strong><\/p>\n\n\n\n<p class=\"has-text-align-left\">Lampertheim&nbsp;: 32&nbsp;000 habitants<\/p>\n\n\n\n<p class=\"has-text-align-left\">Lampertheim est une municipalit\u00e9 allemande situ\u00e9e \u00e0 l&rsquo;extr\u00e9mit\u00e9 sud du Land (r\u00e9gion) de Hesse, \u00e0 proximit\u00e9 du Rhin, grand axe de communication de l&rsquo;Europe. Elle se trouve dans l&rsquo;arrondissement de la Bergstra\u00dfe \u00e0 une dizaine de kilom\u00e8tres du complexe industriel de Mannheim et Ludwigshafen.  <\/p>\n\n\n\n<p class=\"has-text-align-left\">Non loin de Francfort, la ville d\u00e9tient un fort potentiel \u00e9conomique. L&rsquo;enseignement et la recherche occupent une place importante dans la r\u00e9gion. <\/p>\n\n\n\n<p class=\"has-text-align-left\">Les f\u00eates traditionnelles sont la f\u00eate de l\u2019asperge en juin, la kermesse en septembre et le carnaval en f\u00e9vrier.<\/p>\n\n\n\n<p>Plus d&rsquo;informations sur <a href=\"https:\/\/www.lampertheim.de\/\" target=\"_blank\" rel=\"noreferrer noopener\">Lampertheim<\/a><\/p>\n\n\n\n<hr class=\"wp-block-separator has-text-color has-alpha-channel-opacity has-background\" style=\"background-color:#3d4773;color:#3d4773\"\/>\n\n\n\n<h2 class=\"wp-block-heading has-text-align-center\">Articles<\/h2>\n\n\n            <div id=\"post-grid-lazy-1141\" class=\"post-grid-lazy\"><img decoding=\"async\" alt=\"\" src=\"\" \/><\/div>\n        <script>\n            jQuery('#post-grid-lazy-1141').ready(function($) {\n                $('#post-grid-lazy-1141').fadeOut();\n                $('#post-grid-1141   ').fadeIn();\n            })\n        <\/script>\n        <style type=\"text\/css\">\n            #post-grid-1141 {\n                display: none;\n            }\n\n            .post-grid-lazy {\n                text-align: center;\n            }\n        <\/style>\n        <div data-options='{&quot;id&quot;:&quot;1141&quot;,&quot;lazy_load&quot;:&quot;yes&quot;,&quot;masonry_enable&quot;:&quot;no&quot;,&quot;view_type&quot;:&quot;grid&quot;}' id=\"post-grid-1141\" class=\"post-grid grid\">\n                <div class=\"grid-items\">\n            <div class=\"item item-1289 skin flat even 0 \">\n                <div class=\"layer-wrapper layout-127\">\n                <a class=\" element_1682835123535\" id=\"\" href=\"https:\/\/eve95ermont.com\/index.php\/2025\/07\/26\/fete-des-jumelages-lampertheim-du-27-au-29-juin-2025\/\">\n\n\n        <div class=\"element element_1682834639594  thumb_link \">\n                    <img decoding=\"async\" src=\"https:\/\/eve95ermont.com\/wp-content\/uploads\/2025\/02\/WhatsApp-Image-2025-06-30-a-15.00.21_0a838f6b-1024x768.jpg\">\n        \n\n    <\/div>\n    <div class=\"element element_1682244529733  title \">\n                    <a target=\"_blank\" href=\"https:\/\/eve95ermont.com\/index.php\/2025\/07\/26\/fete-des-jumelages-lampertheim-du-27-au-29-juin-2025\/\">F\u00eate des Jumelages - Lampertheim - du 27 au 29 Juin 2025<\/a>\n\n        \n\n    <\/div>\n    <hr class=\"element element_1682832568808  hr \">\n    <\/hr>\n    <div class=\"element element_1689186392009  excerpt \">\n        Du 27 au 29 juin 2025, quelques membres d\u2019Ermont Ville d\u2019Europe ont particip\u00e9 \u00e0 la f\u00eate des jumelages* organis\u00e9e cette ann\u00e9e par Lampertheim (Allemagne). On vous raconte\u2026            <\/div>\n    <\/a>\n        <\/div>\n    <\/div><div class=\"item item-1115 skin flat odd 1 \">\n                <div class=\"layer-wrapper layout-127\">\n                <a class=\" element_1682835123535\" id=\"\" href=\"https:\/\/eve95ermont.com\/index.php\/2024\/06\/28\/spargelfest-2024\/\">\n\n\n        <div class=\"element element_1682834639594  thumb_link \">\n                    <img decoding=\"async\" src=\"https:\/\/eve95ermont.com\/wp-content\/uploads\/2024\/06\/WhatsApp-Image-2024-06-07-a-19.37.37_c48d5a9b-1024x576.jpg\">\n        \n\n    <\/div>\n    <div class=\"element element_1682244529733  title \">\n                    <a target=\"_blank\" href=\"https:\/\/eve95ermont.com\/index.php\/2024\/06\/28\/spargelfest-2024\/\">Spargelfest \u00e0 Lampertheim<\/a>\n\n        \n\n    <\/div>\n    <hr class=\"element element_1682832568808  hr \">\n    <\/hr>\n    <div class=\"element element_1689186392009  excerpt \">\n        Les 7, 8 et 9 juin 2024 avait lieu la traditionnelle f\u00eate de l'asperge \u00e0 Lampertheim...            <\/div>\n    <\/a>\n        <\/div>\n    <\/div><div class=\"item item-688 skin flat even 2 \">\n                <div class=\"layer-wrapper layout-127\">\n                <a class=\" element_1682835123535\" id=\"\" href=\"https:\/\/eve95ermont.com\/index.php\/2023\/08\/18\/elementor-688\/\">\n\n\n        <div class=\"element element_1682834639594  thumb_link \">\n                    <img decoding=\"async\" src=\"https:\/\/eve95ermont.com\/wp-content\/uploads\/2023\/08\/IMG-20230509-WA0073-1024x768.jpg\">\n        \n\n    <\/div>\n    <div class=\"element element_1682244529733  title \">\n                    <a target=\"_blank\" href=\"https:\/\/eve95ermont.com\/index.php\/2023\/08\/18\/elementor-688\/\">F\u00eate du jumelage \u00e0 Maldegem<\/a>\n\n        \n\n    <\/div>\n    <hr class=\"element element_1682832568808  hr \">\n    <\/hr>\n    <div class=\"element element_1689186392009  excerpt \">\n        Les 5, 6 et 7 mai 2023 a eu lieu la f\u00eate du jumelage \u00e0 Maldegem, en Belgique. Ce fut l\u2019occasion de rassembler des participants de plusieurs villes jumel\u00e9es avec Ermont : Adria (Italie), Lampertheim (Allemagne), Swidnica (Pologne). Evidemment, l\u2019association Ermont Ville d\u2019Europe \u00e9tait pr\u00e9sente en compagnie de quelques repr\u00e9sentants            <\/div>\n    <\/a>\n        <\/div>\n    <\/div>        <\/div>\n        <div class=\"pagination\">\n            <div class=\"paginate\">\n            <\/div>\n    <style type=\"text\/css\">\n        #post-grid-1141 .pagination .page-numbers {\n            font-size: 16px;\n            color: #fff;\n            background: #646464;\n        }\n\n        #post-grid-1141 .pagination .page-numbers:hover,\n        #post-grid-1141 .pagination .page-numbers.current {\n            background: #4b4b4b;\n        }\n    <\/style>\n    <\/div>\n    <style type=\"text\/css\">\n        .layout-127 .element_1682834639594 {\n            overflow: hidden;\n                    }\n\n        .layout-127 .element_1682834639594 img {\n            max-width: 100%;\n            height: auto;\n        }\n\n        @media only screen and (min-width: 1024px) {\n            .layout-127 .element_1682834639594 {\n                            }\n        }\n\n        @media only screen and (min-width: 768px) and (max-width: 1023px) {\n            .layout-127 .element_1682834639594 {\n                            }\n        }\n\n        @media only screen and (min-width: 0px) and (max-width: 767px) {\n            .layout-127 .element_1682834639594 {\n                            }\n        }\n    <\/style>\n    <style type=\"text\/css\">\n        .layout-127 .element_1682244529733 {\n            color: #1e73be;\n            text-align: left;\n            font-weight:bold;\r\ntext-decoration: none;        }\n\n        .layout-127 .element_1682244529733 a {\n            color: #1e73be;\n            text-align: left;\n            font-weight:bold;\r\ntext-decoration: none;        }\n    <\/style>\n    <style type=\"text\/css\">\n        .layout-127 .element_1682832568808 {\n                    }\n\n            <\/style>\n    <style type=\"text\/css\">\n        .layout-127 .element_1689186392009 {\n            text-align: left;\n                    }\n\n        .layout-127 .element_1689186392009 a {\n                    }\n    <\/style>\n    \n\n        <script>\n        \n            <\/script>\n        <style type=\"text\/css\">\n        #post-grid-1141 {\n                    }\n\n        #post-grid-1141 .item {\n            \/*             margin:;\n         *\/\n            padding: 0px;\n            background: #fff;\n                    }\n\n        #post-grid-1141 .item .layer-media {\n            height:auto;        }\n\n        @media only screen and (min-width: 0px) and (max-width: 767px) {\n            #post-grid-1141 .grid-items {\n                display: grid;\n                grid-template-columns: 1fr ;\n                column-gap: 10px;\n                row-gap: 10px;\n                ;\n\n            }\n\n            #post-grid-1141 .item {\n                height:auto;            }\n        }\n\n        @media only screen and (min-width: 768px) and (max-width: 1023px) {\n            #post-grid-1141 .grid-items {\n                display: grid;\n                grid-template-columns: 1fr 1fr ;\n                column-gap: 10px;\n                row-gap: 10px             }\n\n            #post-grid-1141 .item {\n                max-height:auto;            }\n        }\n\n        @media only screen and (min-width: 1024px) {\n            #post-grid-1141 .grid-items {\n                display: grid;\n                grid-template-columns: 1fr 1fr 1fr ;\n                column-gap: 10px;\n                row-gap: 10px;\n                            }\n\n            #post-grid-1141 .item {\n                height:auto;            }\n        }\n\n            <\/style>\n    <\/div>\n\n","protected":false},"excerpt":{"rendered":"<p>Lampertheim se trouve dans le coin sud-ouest de la Hesse dans le rift du Rhin dans la zone de conservation de Biedensand (un ancien bras du Rhin) et borde le Bade-Wurtemberg et la Rh\u00e9nanie-Palatinat&#8230;<\/p>\n","protected":false},"author":2,"featured_media":249,"parent":0,"menu_order":0,"comment_status":"closed","ping_status":"closed","template":"","meta":{"footnotes":""},"categories":[3],"tags":[21],"class_list":["post-55","page","type-page","status-publish","has-post-thumbnail","hentry","category-city","tag-allemagne"],"yoast_head":"<!-- This site is optimized with the Yoast SEO plugin v27.4 - https:\/\/yoast.com\/product\/yoast-seo-wordpress\/ -->\n<title>Lampertheim (Allemagne) - Ermont Ville d&#039;Europe<\/title>\n<meta name=\"robots\" content=\"index, follow, max-snippet:-1, max-image-preview:large, max-video-preview:-1\" \/>\n<link rel=\"canonical\" href=\"http:\/\/eve95ermont.com\/index.php\/lampertheim-allemagne\/\" \/>\n<meta property=\"og:locale\" content=\"fr_FR\" \/>\n<meta property=\"og:type\" content=\"article\" \/>\n<meta property=\"og:title\" content=\"Lampertheim (Allemagne) - Ermont Ville d&#039;Europe\" \/>\n<meta property=\"og:description\" content=\"Lampertheim se trouve dans le coin sud-ouest de la Hesse dans le rift du Rhin dans la zone de conservation de Biedensand (un ancien bras du Rhin) et borde le Bade-Wurtemberg et la Rh\u00e9nanie-Palatinat...\" \/>\n<meta property=\"og:url\" content=\"http:\/\/eve95ermont.com\/index.php\/lampertheim-allemagne\/\" \/>\n<meta property=\"og:site_name\" content=\"Ermont Ville d&#039;Europe\" \/>\n<meta property=\"article:modified_time\" content=\"2024-07-03T20:03:50+00:00\" \/>\n<meta property=\"og:image\" content=\"http:\/\/eve95ermont.com\/wp-content\/uploads\/2023\/04\/lampertheim.png\" \/>\n\t<meta property=\"og:image:width\" content=\"351\" \/>\n\t<meta property=\"og:image:height\" content=\"331\" \/>\n\t<meta property=\"og:image:type\" content=\"image\/png\" \/>\n<meta name=\"twitter:card\" content=\"summary_large_image\" \/>\n<meta name=\"twitter:label1\" content=\"Dur\u00e9e de lecture estim\u00e9e\" \/>\n\t<meta name=\"twitter:data1\" content=\"1 minute\" \/>\n<script type=\"application\/ld+json\" class=\"yoast-schema-graph\">{\"@context\":\"https:\\\/\\\/schema.org\",\"@graph\":[{\"@type\":\"WebPage\",\"@id\":\"http:\\\/\\\/eve95ermont.com\\\/index.php\\\/lampertheim-allemagne\\\/\",\"url\":\"http:\\\/\\\/eve95ermont.com\\\/index.php\\\/lampertheim-allemagne\\\/\",\"name\":\"Lampertheim (Allemagne) - Ermont Ville d&#039;Europe\",\"isPartOf\":{\"@id\":\"https:\\\/\\\/eve95ermont.com\\\/#website\"},\"primaryImageOfPage\":{\"@id\":\"http:\\\/\\\/eve95ermont.com\\\/index.php\\\/lampertheim-allemagne\\\/#primaryimage\"},\"image\":{\"@id\":\"http:\\\/\\\/eve95ermont.com\\\/index.php\\\/lampertheim-allemagne\\\/#primaryimage\"},\"thumbnailUrl\":\"https:\\\/\\\/eve95ermont.com\\\/wp-content\\\/uploads\\\/2023\\\/04\\\/lampertheim.png\",\"datePublished\":\"2023-04-23T07:09:07+00:00\",\"dateModified\":\"2024-07-03T20:03:50+00:00\",\"breadcrumb\":{\"@id\":\"http:\\\/\\\/eve95ermont.com\\\/index.php\\\/lampertheim-allemagne\\\/#breadcrumb\"},\"inLanguage\":\"fr-FR\",\"potentialAction\":[{\"@type\":\"ReadAction\",\"target\":[\"http:\\\/\\\/eve95ermont.com\\\/index.php\\\/lampertheim-allemagne\\\/\"]}]},{\"@type\":\"ImageObject\",\"inLanguage\":\"fr-FR\",\"@id\":\"http:\\\/\\\/eve95ermont.com\\\/index.php\\\/lampertheim-allemagne\\\/#primaryimage\",\"url\":\"https:\\\/\\\/eve95ermont.com\\\/wp-content\\\/uploads\\\/2023\\\/04\\\/lampertheim.png\",\"contentUrl\":\"https:\\\/\\\/eve95ermont.com\\\/wp-content\\\/uploads\\\/2023\\\/04\\\/lampertheim.png\",\"width\":351,\"height\":331},{\"@type\":\"BreadcrumbList\",\"@id\":\"http:\\\/\\\/eve95ermont.com\\\/index.php\\\/lampertheim-allemagne\\\/#breadcrumb\",\"itemListElement\":[{\"@type\":\"ListItem\",\"position\":1,\"name\":\"Accueil\",\"item\":\"https:\\\/\\\/eve95ermont.com\\\/\"},{\"@type\":\"ListItem\",\"position\":2,\"name\":\"Lampertheim (Allemagne)\"}]},{\"@type\":\"WebSite\",\"@id\":\"https:\\\/\\\/eve95ermont.com\\\/#website\",\"url\":\"https:\\\/\\\/eve95ermont.com\\\/\",\"name\":\"Ermont Ville d&#039;Europe\",\"description\":\"L&#039;association de jumelage d&#039;Ermont\",\"publisher\":{\"@id\":\"https:\\\/\\\/eve95ermont.com\\\/#organization\"},\"potentialAction\":[{\"@type\":\"SearchAction\",\"target\":{\"@type\":\"EntryPoint\",\"urlTemplate\":\"https:\\\/\\\/eve95ermont.com\\\/?s={search_term_string}\"},\"query-input\":{\"@type\":\"PropertyValueSpecification\",\"valueRequired\":true,\"valueName\":\"search_term_string\"}}],\"inLanguage\":\"fr-FR\"},{\"@type\":\"Organization\",\"@id\":\"https:\\\/\\\/eve95ermont.com\\\/#organization\",\"name\":\"Ermont Ville d&#039;Europe\",\"url\":\"https:\\\/\\\/eve95ermont.com\\\/\",\"logo\":{\"@type\":\"ImageObject\",\"inLanguage\":\"fr-FR\",\"@id\":\"https:\\\/\\\/eve95ermont.com\\\/#\\\/schema\\\/logo\\\/image\\\/\",\"url\":\"https:\\\/\\\/eve95ermont.com\\\/wp-content\\\/uploads\\\/2023\\\/06\\\/cropped-logo-eve-proposition-gris-clair-contour-noir-v2.png\",\"contentUrl\":\"https:\\\/\\\/eve95ermont.com\\\/wp-content\\\/uploads\\\/2023\\\/06\\\/cropped-logo-eve-proposition-gris-clair-contour-noir-v2.png\",\"width\":1157,\"height\":709,\"caption\":\"Ermont Ville d&#039;Europe\"},\"image\":{\"@id\":\"https:\\\/\\\/eve95ermont.com\\\/#\\\/schema\\\/logo\\\/image\\\/\"}}]}<\/script>\n<!-- \/ Yoast SEO plugin. -->","yoast_head_json":{"title":"Lampertheim (Allemagne) - Ermont Ville d&#039;Europe","robots":{"index":"index","follow":"follow","max-snippet":"max-snippet:-1","max-image-preview":"max-image-preview:large","max-video-preview":"max-video-preview:-1"},"canonical":"http:\/\/eve95ermont.com\/index.php\/lampertheim-allemagne\/","og_locale":"fr_FR","og_type":"article","og_title":"Lampertheim (Allemagne) - Ermont Ville d&#039;Europe","og_description":"Lampertheim se trouve dans le coin sud-ouest de la Hesse dans le rift du Rhin dans la zone de conservation de Biedensand (un ancien bras du Rhin) et borde le Bade-Wurtemberg et la Rh\u00e9nanie-Palatinat...","og_url":"http:\/\/eve95ermont.com\/index.php\/lampertheim-allemagne\/","og_site_name":"Ermont Ville d&#039;Europe","article_modified_time":"2024-07-03T20:03:50+00:00","og_image":[{"width":351,"height":331,"url":"http:\/\/eve95ermont.com\/wp-content\/uploads\/2023\/04\/lampertheim.png","type":"image\/png"}],"twitter_card":"summary_large_image","twitter_misc":{"Dur\u00e9e de lecture estim\u00e9e":"1 minute"},"schema":{"@context":"https:\/\/schema.org","@graph":[{"@type":"WebPage","@id":"http:\/\/eve95ermont.com\/index.php\/lampertheim-allemagne\/","url":"http:\/\/eve95ermont.com\/index.php\/lampertheim-allemagne\/","name":"Lampertheim (Allemagne) - Ermont Ville d&#039;Europe","isPartOf":{"@id":"https:\/\/eve95ermont.com\/#website"},"primaryImageOfPage":{"@id":"http:\/\/eve95ermont.com\/index.php\/lampertheim-allemagne\/#primaryimage"},"image":{"@id":"http:\/\/eve95ermont.com\/index.php\/lampertheim-allemagne\/#primaryimage"},"thumbnailUrl":"https:\/\/eve95ermont.com\/wp-content\/uploads\/2023\/04\/lampertheim.png","datePublished":"2023-04-23T07:09:07+00:00","dateModified":"2024-07-03T20:03:50+00:00","breadcrumb":{"@id":"http:\/\/eve95ermont.com\/index.php\/lampertheim-allemagne\/#breadcrumb"},"inLanguage":"fr-FR","potentialAction":[{"@type":"ReadAction","target":["http:\/\/eve95ermont.com\/index.php\/lampertheim-allemagne\/"]}]},{"@type":"ImageObject","inLanguage":"fr-FR","@id":"http:\/\/eve95ermont.com\/index.php\/lampertheim-allemagne\/#primaryimage","url":"https:\/\/eve95ermont.com\/wp-content\/uploads\/2023\/04\/lampertheim.png","contentUrl":"https:\/\/eve95ermont.com\/wp-content\/uploads\/2023\/04\/lampertheim.png","width":351,"height":331},{"@type":"BreadcrumbList","@id":"http:\/\/eve95ermont.com\/index.php\/lampertheim-allemagne\/#breadcrumb","itemListElement":[{"@type":"ListItem","position":1,"name":"Accueil","item":"https:\/\/eve95ermont.com\/"},{"@type":"ListItem","position":2,"name":"Lampertheim (Allemagne)"}]},{"@type":"WebSite","@id":"https:\/\/eve95ermont.com\/#website","url":"https:\/\/eve95ermont.com\/","name":"Ermont Ville d&#039;Europe","description":"L&#039;association de jumelage d&#039;Ermont","publisher":{"@id":"https:\/\/eve95ermont.com\/#organization"},"potentialAction":[{"@type":"SearchAction","target":{"@type":"EntryPoint","urlTemplate":"https:\/\/eve95ermont.com\/?s={search_term_string}"},"query-input":{"@type":"PropertyValueSpecification","valueRequired":true,"valueName":"search_term_string"}}],"inLanguage":"fr-FR"},{"@type":"Organization","@id":"https:\/\/eve95ermont.com\/#organization","name":"Ermont Ville d&#039;Europe","url":"https:\/\/eve95ermont.com\/","logo":{"@type":"ImageObject","inLanguage":"fr-FR","@id":"https:\/\/eve95ermont.com\/#\/schema\/logo\/image\/","url":"https:\/\/eve95ermont.com\/wp-content\/uploads\/2023\/06\/cropped-logo-eve-proposition-gris-clair-contour-noir-v2.png","contentUrl":"https:\/\/eve95ermont.com\/wp-content\/uploads\/2023\/06\/cropped-logo-eve-proposition-gris-clair-contour-noir-v2.png","width":1157,"height":709,"caption":"Ermont Ville d&#039;Europe"},"image":{"@id":"https:\/\/eve95ermont.com\/#\/schema\/logo\/image\/"}}]}},"_links":{"self":[{"href":"https:\/\/eve95ermont.com\/index.php\/wp-json\/wp\/v2\/pages\/55","targetHints":{"allow":["GET"]}}],"collection":[{"href":"https:\/\/eve95ermont.com\/index.php\/wp-json\/wp\/v2\/pages"}],"about":[{"href":"https:\/\/eve95ermont.com\/index.php\/wp-json\/wp\/v2\/types\/page"}],"author":[{"embeddable":true,"href":"https:\/\/eve95ermont.com\/index.php\/wp-json\/wp\/v2\/users\/2"}],"replies":[{"embeddable":true,"href":"https:\/\/eve95ermont.com\/index.php\/wp-json\/wp\/v2\/comments?post=55"}],"version-history":[{"count":11,"href":"https:\/\/eve95ermont.com\/index.php\/wp-json\/wp\/v2\/pages\/55\/revisions"}],"predecessor-version":[{"id":1166,"href":"https:\/\/eve95ermont.com\/index.php\/wp-json\/wp\/v2\/pages\/55\/revisions\/1166"}],"wp:featuredmedia":[{"embeddable":true,"href":"https:\/\/eve95ermont.com\/index.php\/wp-json\/wp\/v2\/media\/249"}],"wp:attachment":[{"href":"https:\/\/eve95ermont.com\/index.php\/wp-json\/wp\/v2\/media?parent=55"}],"wp:term":[{"taxonomy":"category","embeddable":true,"href":"https:\/\/eve95ermont.com\/index.php\/wp-json\/wp\/v2\/categories?post=55"},{"taxonomy":"post_tag","embeddable":true,"href":"https:\/\/eve95ermont.com\/index.php\/wp-json\/wp\/v2\/tags?post=55"}],"curies":[{"name":"wp","href":"https:\/\/api.w.org\/{rel}","templated":true}]}}