{"id":104,"date":"2023-04-23T10:42:13","date_gmt":"2023-04-23T08:42:13","guid":{"rendered":"https:\/\/eve95ermont.com\/?page_id=104"},"modified":"2023-06-03T21:40:25","modified_gmt":"2023-06-03T19:40:25","slug":"membres-begonia-da-silva","status":"publish","type":"page","link":"https:\/\/eve95ermont.com\/index.php\/membres-begonia-da-silva\/","title":{"rendered":"Begonia DA SILVA"},"content":{"rendered":"<div class=\"wp-block-image\">\n<figure class=\"aligncenter size-full\"><img loading=\"lazy\" decoding=\"async\" width=\"287\" height=\"285\" src=\"https:\/\/eve95ermont.com\/wp-content\/uploads\/2023\/04\/membreetoile-europe-begonia-dasilva.png\" alt=\"\" class=\"wp-image-106\" srcset=\"https:\/\/eve95ermont.com\/wp-content\/uploads\/2023\/04\/membreetoile-europe-begonia-dasilva.png 287w, https:\/\/eve95ermont.com\/wp-content\/uploads\/2023\/04\/membreetoile-europe-begonia-dasilva-150x150.png 150w\" sizes=\"auto, (max-width: 287px) 100vw, 287px\" \/><\/figure>\n<\/div>\n\n\n<h2 class=\"wp-block-heading has-text-align-center\">Secr\u00e9taire<\/h2>\n\n\n\n<h3 class=\"wp-block-heading has-text-align-center\">B\u00e9gonia DA SILVA<\/h3>\n\n\n\n<h4 class=\"wp-block-heading has-text-align-center\">Membre actif depuis 2022<br>R\u00e9sidente \u00e0 Ermont depuis 1974<\/h4>\n\n\n\n<h3 class=\"wp-block-heading has-text-align-center\">Langue parl\u00e9e : Espagnol<\/h3>\n\n\n\n<hr class=\"wp-block-separator has-text-color has-alpha-channel-opacity has-background\" style=\"background-color:#3d4773;color:#3d4773\"\/>\n\n\n\n<h2 class=\"wp-block-heading has-text-align-center\">Engagement &amp; Participation<\/h2>\n\n\n\n<hr class=\"wp-block-separator has-text-color has-alpha-channel-opacity has-background is-style-default\" style=\"background-color:#fff940;color:#fff940\"\/>\n\n\n\n<p>Mises en oeuvre et organisations :<\/p>\n\n\n\n<ul class=\"wp-block-list\">\n<li>Gestion administrative  de l&rsquo;Association<\/li>\n\n\n\n<li>Organisation de la logistique des festivit\u00e9s<\/li>\n\n\n\n<li>Participation active \u00e0 la relance de l&rsquo;association apr\u00e8s la p\u00e9riode de COVID<\/li>\n<\/ul>\n\n\n\n<h2 class=\"wp-block-heading has-text-align-center\">Centre d&rsquo;int\u00e9r\u00eat &amp; hobbies<\/h2>\n\n\n\n<hr class=\"wp-block-separator has-text-color has-alpha-channel-opacity has-background is-style-default\" style=\"background-color:#fff940;color:#fff940\"\/>\n\n\n\n<ul class=\"wp-block-list\">\n<li>Voyage<\/li>\n\n\n\n<li>Musique<\/li>\n<\/ul>\n\n\n\n<p><\/p>\n","protected":false},"excerpt":{"rendered":"<p>Secr\u00e9taire B\u00e9gonia DA SILVA Membre actif depuis 2022R\u00e9sidente \u00e0 Ermont depuis 1974 Langue parl\u00e9e : Espagnol Engagement &amp; Participation Mises en oeuvre et organisations : Centre d&rsquo;int\u00e9r\u00eat &amp; hobbies<\/p>\n","protected":false},"author":2,"featured_media":106,"parent":0,"menu_order":0,"comment_status":"closed","ping_status":"closed","template":"","meta":{"footnotes":""},"categories":[9],"tags":[15],"class_list":["post-104","page","type-page","status-publish","has-post-thumbnail","hentry","category-members","tag-secretaire"],"yoast_head":"<!-- This site is optimized with the Yoast SEO plugin v27.4 - https:\/\/yoast.com\/product\/yoast-seo-wordpress\/ -->\n<title>Begonia DA SILVA - Ermont Ville d&#039;Europe<\/title>\n<meta name=\"robots\" content=\"index, follow, max-snippet:-1, max-image-preview:large, max-video-preview:-1\" \/>\n<link rel=\"canonical\" href=\"http:\/\/eve95ermont.com\/index.php\/membres-begonia-da-silva\/\" \/>\n<meta property=\"og:locale\" content=\"fr_FR\" \/>\n<meta property=\"og:type\" content=\"article\" \/>\n<meta property=\"og:title\" content=\"Begonia DA SILVA - Ermont Ville d&#039;Europe\" \/>\n<meta property=\"og:description\" content=\"Secr\u00e9taire B\u00e9gonia DA SILVA Membre actif depuis 2022R\u00e9sidente \u00e0 Ermont depuis 1974 Langue parl\u00e9e : Espagnol Engagement &amp; Participation Mises en oeuvre et organisations : Centre d&rsquo;int\u00e9r\u00eat &amp; hobbies\" \/>\n<meta property=\"og:url\" content=\"http:\/\/eve95ermont.com\/index.php\/membres-begonia-da-silva\/\" \/>\n<meta property=\"og:site_name\" content=\"Ermont Ville d&#039;Europe\" \/>\n<meta property=\"article:modified_time\" content=\"2023-06-03T19:40:25+00:00\" \/>\n<meta property=\"og:image\" content=\"http:\/\/eve95ermont.com\/wp-content\/uploads\/2023\/04\/membreetoile-europe-begonia-dasilva.png\" \/>\n\t<meta property=\"og:image:width\" content=\"287\" \/>\n\t<meta property=\"og:image:height\" content=\"285\" \/>\n\t<meta property=\"og:image:type\" content=\"image\/png\" \/>\n<meta name=\"twitter:card\" content=\"summary_large_image\" \/>\n<meta name=\"twitter:label1\" content=\"Dur\u00e9e de lecture estim\u00e9e\" \/>\n\t<meta name=\"twitter:data1\" content=\"1 minute\" \/>\n<script type=\"application\/ld+json\" class=\"yoast-schema-graph\">{\"@context\":\"https:\\\/\\\/schema.org\",\"@graph\":[{\"@type\":\"WebPage\",\"@id\":\"http:\\\/\\\/eve95ermont.com\\\/index.php\\\/membres-begonia-da-silva\\\/\",\"url\":\"http:\\\/\\\/eve95ermont.com\\\/index.php\\\/membres-begonia-da-silva\\\/\",\"name\":\"Begonia DA SILVA - Ermont Ville d&#039;Europe\",\"isPartOf\":{\"@id\":\"https:\\\/\\\/eve95ermont.com\\\/#website\"},\"primaryImageOfPage\":{\"@id\":\"http:\\\/\\\/eve95ermont.com\\\/index.php\\\/membres-begonia-da-silva\\\/#primaryimage\"},\"image\":{\"@id\":\"http:\\\/\\\/eve95ermont.com\\\/index.php\\\/membres-begonia-da-silva\\\/#primaryimage\"},\"thumbnailUrl\":\"https:\\\/\\\/eve95ermont.com\\\/wp-content\\\/uploads\\\/2023\\\/04\\\/membreetoile-europe-begonia-dasilva.png\",\"datePublished\":\"2023-04-23T08:42:13+00:00\",\"dateModified\":\"2023-06-03T19:40:25+00:00\",\"breadcrumb\":{\"@id\":\"http:\\\/\\\/eve95ermont.com\\\/index.php\\\/membres-begonia-da-silva\\\/#breadcrumb\"},\"inLanguage\":\"fr-FR\",\"potentialAction\":[{\"@type\":\"ReadAction\",\"target\":[\"http:\\\/\\\/eve95ermont.com\\\/index.php\\\/membres-begonia-da-silva\\\/\"]}]},{\"@type\":\"ImageObject\",\"inLanguage\":\"fr-FR\",\"@id\":\"http:\\\/\\\/eve95ermont.com\\\/index.php\\\/membres-begonia-da-silva\\\/#primaryimage\",\"url\":\"https:\\\/\\\/eve95ermont.com\\\/wp-content\\\/uploads\\\/2023\\\/04\\\/membreetoile-europe-begonia-dasilva.png\",\"contentUrl\":\"https:\\\/\\\/eve95ermont.com\\\/wp-content\\\/uploads\\\/2023\\\/04\\\/membreetoile-europe-begonia-dasilva.png\",\"width\":287,\"height\":285},{\"@type\":\"BreadcrumbList\",\"@id\":\"http:\\\/\\\/eve95ermont.com\\\/index.php\\\/membres-begonia-da-silva\\\/#breadcrumb\",\"itemListElement\":[{\"@type\":\"ListItem\",\"position\":1,\"name\":\"Accueil\",\"item\":\"https:\\\/\\\/eve95ermont.com\\\/\"},{\"@type\":\"ListItem\",\"position\":2,\"name\":\"Begonia DA SILVA\"}]},{\"@type\":\"WebSite\",\"@id\":\"https:\\\/\\\/eve95ermont.com\\\/#website\",\"url\":\"https:\\\/\\\/eve95ermont.com\\\/\",\"name\":\"Ermont Ville d&#039;Europe\",\"description\":\"L&#039;association de jumelage d&#039;Ermont\",\"publisher\":{\"@id\":\"https:\\\/\\\/eve95ermont.com\\\/#organization\"},\"potentialAction\":[{\"@type\":\"SearchAction\",\"target\":{\"@type\":\"EntryPoint\",\"urlTemplate\":\"https:\\\/\\\/eve95ermont.com\\\/?s={search_term_string}\"},\"query-input\":{\"@type\":\"PropertyValueSpecification\",\"valueRequired\":true,\"valueName\":\"search_term_string\"}}],\"inLanguage\":\"fr-FR\"},{\"@type\":\"Organization\",\"@id\":\"https:\\\/\\\/eve95ermont.com\\\/#organization\",\"name\":\"Ermont Ville d&#039;Europe\",\"url\":\"https:\\\/\\\/eve95ermont.com\\\/\",\"logo\":{\"@type\":\"ImageObject\",\"inLanguage\":\"fr-FR\",\"@id\":\"https:\\\/\\\/eve95ermont.com\\\/#\\\/schema\\\/logo\\\/image\\\/\",\"url\":\"https:\\\/\\\/eve95ermont.com\\\/wp-content\\\/uploads\\\/2023\\\/06\\\/cropped-logo-eve-proposition-gris-clair-contour-noir-v2.png\",\"contentUrl\":\"https:\\\/\\\/eve95ermont.com\\\/wp-content\\\/uploads\\\/2023\\\/06\\\/cropped-logo-eve-proposition-gris-clair-contour-noir-v2.png\",\"width\":1157,\"height\":709,\"caption\":\"Ermont Ville d&#039;Europe\"},\"image\":{\"@id\":\"https:\\\/\\\/eve95ermont.com\\\/#\\\/schema\\\/logo\\\/image\\\/\"}}]}<\/script>\n<!-- \/ Yoast SEO plugin. -->","yoast_head_json":{"title":"Begonia DA SILVA - Ermont Ville d&#039;Europe","robots":{"index":"index","follow":"follow","max-snippet":"max-snippet:-1","max-image-preview":"max-image-preview:large","max-video-preview":"max-video-preview:-1"},"canonical":"http:\/\/eve95ermont.com\/index.php\/membres-begonia-da-silva\/","og_locale":"fr_FR","og_type":"article","og_title":"Begonia DA SILVA - Ermont Ville d&#039;Europe","og_description":"Secr\u00e9taire B\u00e9gonia DA SILVA Membre actif depuis 2022R\u00e9sidente \u00e0 Ermont depuis 1974 Langue parl\u00e9e : Espagnol Engagement &amp; Participation Mises en oeuvre et organisations : Centre d&rsquo;int\u00e9r\u00eat &amp; hobbies","og_url":"http:\/\/eve95ermont.com\/index.php\/membres-begonia-da-silva\/","og_site_name":"Ermont Ville d&#039;Europe","article_modified_time":"2023-06-03T19:40:25+00:00","og_image":[{"width":287,"height":285,"url":"http:\/\/eve95ermont.com\/wp-content\/uploads\/2023\/04\/membreetoile-europe-begonia-dasilva.png","type":"image\/png"}],"twitter_card":"summary_large_image","twitter_misc":{"Dur\u00e9e de lecture estim\u00e9e":"1 minute"},"schema":{"@context":"https:\/\/schema.org","@graph":[{"@type":"WebPage","@id":"http:\/\/eve95ermont.com\/index.php\/membres-begonia-da-silva\/","url":"http:\/\/eve95ermont.com\/index.php\/membres-begonia-da-silva\/","name":"Begonia DA SILVA - Ermont Ville d&#039;Europe","isPartOf":{"@id":"https:\/\/eve95ermont.com\/#website"},"primaryImageOfPage":{"@id":"http:\/\/eve95ermont.com\/index.php\/membres-begonia-da-silva\/#primaryimage"},"image":{"@id":"http:\/\/eve95ermont.com\/index.php\/membres-begonia-da-silva\/#primaryimage"},"thumbnailUrl":"https:\/\/eve95ermont.com\/wp-content\/uploads\/2023\/04\/membreetoile-europe-begonia-dasilva.png","datePublished":"2023-04-23T08:42:13+00:00","dateModified":"2023-06-03T19:40:25+00:00","breadcrumb":{"@id":"http:\/\/eve95ermont.com\/index.php\/membres-begonia-da-silva\/#breadcrumb"},"inLanguage":"fr-FR","potentialAction":[{"@type":"ReadAction","target":["http:\/\/eve95ermont.com\/index.php\/membres-begonia-da-silva\/"]}]},{"@type":"ImageObject","inLanguage":"fr-FR","@id":"http:\/\/eve95ermont.com\/index.php\/membres-begonia-da-silva\/#primaryimage","url":"https:\/\/eve95ermont.com\/wp-content\/uploads\/2023\/04\/membreetoile-europe-begonia-dasilva.png","contentUrl":"https:\/\/eve95ermont.com\/wp-content\/uploads\/2023\/04\/membreetoile-europe-begonia-dasilva.png","width":287,"height":285},{"@type":"BreadcrumbList","@id":"http:\/\/eve95ermont.com\/index.php\/membres-begonia-da-silva\/#breadcrumb","itemListElement":[{"@type":"ListItem","position":1,"name":"Accueil","item":"https:\/\/eve95ermont.com\/"},{"@type":"ListItem","position":2,"name":"Begonia DA SILVA"}]},{"@type":"WebSite","@id":"https:\/\/eve95ermont.com\/#website","url":"https:\/\/eve95ermont.com\/","name":"Ermont Ville d&#039;Europe","description":"L&#039;association de jumelage d&#039;Ermont","publisher":{"@id":"https:\/\/eve95ermont.com\/#organization"},"potentialAction":[{"@type":"SearchAction","target":{"@type":"EntryPoint","urlTemplate":"https:\/\/eve95ermont.com\/?s={search_term_string}"},"query-input":{"@type":"PropertyValueSpecification","valueRequired":true,"valueName":"search_term_string"}}],"inLanguage":"fr-FR"},{"@type":"Organization","@id":"https:\/\/eve95ermont.com\/#organization","name":"Ermont Ville d&#039;Europe","url":"https:\/\/eve95ermont.com\/","logo":{"@type":"ImageObject","inLanguage":"fr-FR","@id":"https:\/\/eve95ermont.com\/#\/schema\/logo\/image\/","url":"https:\/\/eve95ermont.com\/wp-content\/uploads\/2023\/06\/cropped-logo-eve-proposition-gris-clair-contour-noir-v2.png","contentUrl":"https:\/\/eve95ermont.com\/wp-content\/uploads\/2023\/06\/cropped-logo-eve-proposition-gris-clair-contour-noir-v2.png","width":1157,"height":709,"caption":"Ermont Ville d&#039;Europe"},"image":{"@id":"https:\/\/eve95ermont.com\/#\/schema\/logo\/image\/"}}]}},"_links":{"self":[{"href":"https:\/\/eve95ermont.com\/index.php\/wp-json\/wp\/v2\/pages\/104","targetHints":{"allow":["GET"]}}],"collection":[{"href":"https:\/\/eve95ermont.com\/index.php\/wp-json\/wp\/v2\/pages"}],"about":[{"href":"https:\/\/eve95ermont.com\/index.php\/wp-json\/wp\/v2\/types\/page"}],"author":[{"embeddable":true,"href":"https:\/\/eve95ermont.com\/index.php\/wp-json\/wp\/v2\/users\/2"}],"replies":[{"embeddable":true,"href":"https:\/\/eve95ermont.com\/index.php\/wp-json\/wp\/v2\/comments?post=104"}],"version-history":[{"count":5,"href":"https:\/\/eve95ermont.com\/index.php\/wp-json\/wp\/v2\/pages\/104\/revisions"}],"predecessor-version":[{"id":430,"href":"https:\/\/eve95ermont.com\/index.php\/wp-json\/wp\/v2\/pages\/104\/revisions\/430"}],"wp:featuredmedia":[{"embeddable":true,"href":"https:\/\/eve95ermont.com\/index.php\/wp-json\/wp\/v2\/media\/106"}],"wp:attachment":[{"href":"https:\/\/eve95ermont.com\/index.php\/wp-json\/wp\/v2\/media?parent=104"}],"wp:term":[{"taxonomy":"category","embeddable":true,"href":"https:\/\/eve95ermont.com\/index.php\/wp-json\/wp\/v2\/categories?post=104"},{"taxonomy":"post_tag","embeddable":true,"href":"https:\/\/eve95ermont.com\/index.php\/wp-json\/wp\/v2\/tags?post=104"}],"curies":[{"name":"wp","href":"https:\/\/api.w.org\/{rel}","templated":true}]}}